{"id":977,"date":"2019-04-06T17:38:46","date_gmt":"2019-04-06T16:38:46","guid":{"rendered":"http:\/\/www.cuem.info\/?page_id=977"},"modified":"2019-04-09T16:06:16","modified_gmt":"2019-04-09T15:06:16","slug":"08042019-la-situation-en-algerie-reunion-debat-12h00-14h00-attention-cette-reunion-a-lieu-a-jussieu-tour-66-5e-etage-couloir-66-65-salle-504","status":"publish","type":"page","link":"https:\/\/www.cuem.info\/?page_id=977","title":{"rendered":"08\/04\/2019 &#8211; <b>La situation en Alg\u00e9rie ; r\u00e9union-d\u00e9bat<\/b> (<span style=\"color:red\">attention<\/span> lieu et horaire)"},"content":{"rendered":"<ul>\n<li style=\"margin-bottom: 0px;\"><a href=\"http:\/\/www.cuem.info\/wp-content\/uploads\/2019\/04\/CUEM08-04-19Alg\u00e9rie.odt\"rel=\"\">Intervention pr\u00e9liminaire<\/a>\n<li style=\"margin-top: 0px\"><a href=\"http:\/\/www.cuem.info\/wp-content\/uploads\/2019\/04\/intervention-pr\u00e9liminaire.doc\"rel=\"\">Introduction au d\u00e9bat<\/a>\n<\/ul>\n","protected":false},"excerpt":{"rendered":"<p>Intervention pr\u00e9liminaire Introduction au d\u00e9bat<\/p>\n","protected":false},"author":1,"featured_media":0,"parent":787,"menu_order":65,"comment_status":"closed","ping_status":"closed","template":"","meta":[],"_links":{"self":[{"href":"https:\/\/www.cuem.info\/index.php?rest_route=\/wp\/v2\/pages\/977"}],"collection":[{"href":"https:\/\/www.cuem.info\/index.php?rest_route=\/wp\/v2\/pages"}],"about":[{"href":"https:\/\/www.cuem.info\/index.php?rest_route=\/wp\/v2\/types\/page"}],"author":[{"embeddable":true,"href":"https:\/\/www.cuem.info\/index.php?rest_route=\/wp\/v2\/users\/1"}],"replies":[{"embeddable":true,"href":"https:\/\/www.cuem.info\/index.php?rest_route=%2Fwp%2Fv2%2Fcomments&post=977"}],"version-history":[{"count":14,"href":"https:\/\/www.cuem.info\/index.php?rest_route=\/wp\/v2\/pages\/977\/revisions"}],"predecessor-version":[{"id":1002,"href":"https:\/\/www.cuem.info\/index.php?rest_route=\/wp\/v2\/pages\/977\/revisions\/1002"}],"up":[{"embeddable":true,"href":"https:\/\/www.cuem.info\/index.php?rest_route=\/wp\/v2\/pages\/787"}],"wp:attachment":[{"href":"https:\/\/www.cuem.info\/index.php?rest_route=%2Fwp%2Fv2%2Fmedia&parent=977"}],"curies":[{"name":"wp","href":"https:\/\/api.w.org\/{rel}","templated":true}]}}