{"id":964,"date":"2019-03-02T16:31:51","date_gmt":"2019-03-02T15:31:51","guid":{"rendered":"http:\/\/www.cuem.info\/?page_id=964"},"modified":"2019-07-05T16:38:04","modified_gmt":"2019-07-05T15:38:04","slug":"472019-andre-bourgeot-lespace-saharo-sahelien-ses-enjeux-politiques-dans-un-contexte-de-crise-systemique-du-capitalisme-mondialise","status":"publish","type":"page","link":"https:\/\/www.cuem.info\/?page_id=964","title":{"rendered":"4\/7\/2019 &#8211; Andr\u00e9 BOURGEOT&nbsp;: <b>L&rsquo;espace saharo-sah\u00e9lien, ses enjeux politiques dans un contexte de crise syst\u00e9mique du capitalisme mondialis\u00e9<\/b>"},"content":{"rendered":"<p>\u00c9couter la conf\u00e9rence :<br \/>\n<!--[if lt IE 9]><script>document.createElement('audio');<\/script><![endif]-->\n<audio class=\"wp-audio-shortcode\" id=\"audio-964-1\" preload=\"none\" style=\"width: 100%;\" controls=\"controls\"><source type=\"audio\/mpeg\" src=\"http:\/\/www.cuem.info\/wp-content\/uploads\/2019\/03\/confA.Bourgeot04-07-19-16x32.mp3?_=1\" \/><a href=\"http:\/\/www.cuem.info\/wp-content\/uploads\/2019\/03\/confA.Bourgeot04-07-19-16x32.mp3\">http:\/\/www.cuem.info\/wp-content\/uploads\/2019\/03\/confA.Bourgeot04-07-19-16x32.mp3<\/a><\/audio><\/p>\n","protected":false},"excerpt":{"rendered":"<p>\u00c9couter la conf\u00e9rence :<\/p>\n","protected":false},"author":1,"featured_media":0,"parent":787,"menu_order":90,"comment_status":"closed","ping_status":"closed","template":"","meta":[],"_links":{"self":[{"href":"https:\/\/www.cuem.info\/index.php?rest_route=\/wp\/v2\/pages\/964"}],"collection":[{"href":"https:\/\/www.cuem.info\/index.php?rest_route=\/wp\/v2\/pages"}],"about":[{"href":"https:\/\/www.cuem.info\/index.php?rest_route=\/wp\/v2\/types\/page"}],"author":[{"embeddable":true,"href":"https:\/\/www.cuem.info\/index.php?rest_route=\/wp\/v2\/users\/1"}],"replies":[{"embeddable":true,"href":"https:\/\/www.cuem.info\/index.php?rest_route=%2Fwp%2Fv2%2Fcomments&post=964"}],"version-history":[{"count":4,"href":"https:\/\/www.cuem.info\/index.php?rest_route=\/wp\/v2\/pages\/964\/revisions"}],"predecessor-version":[{"id":1011,"href":"https:\/\/www.cuem.info\/index.php?rest_route=\/wp\/v2\/pages\/964\/revisions\/1011"}],"up":[{"embeddable":true,"href":"https:\/\/www.cuem.info\/index.php?rest_route=\/wp\/v2\/pages\/787"}],"wp:attachment":[{"href":"https:\/\/www.cuem.info\/index.php?rest_route=%2Fwp%2Fv2%2Fmedia&parent=964"}],"curies":[{"name":"wp","href":"https:\/\/api.w.org\/{rel}","templated":true}]}}