{"id":901,"date":"2018-06-27T18:34:30","date_gmt":"2018-06-27T17:34:30","guid":{"rendered":"http:\/\/www.cuem.info\/?page_id=901"},"modified":"2018-06-27T18:34:30","modified_gmt":"2018-06-27T17:34:30","slug":"17112016-annie-lacroix-rizles-privilegies-francais-entre-berlin-et-washington-les-vichysto-americains-1940-1944","status":"publish","type":"page","link":"https:\/\/www.cuem.info\/?page_id=901","title":{"rendered":"17\/11\/2016 &#8211; Annie LACROIX-RIZ&nbsp;:<br><b>Les privil\u00e9gi\u00e9s fran\u00e7ais entre Berlin et Washington&nbsp;:  les \u00ab&nbsp;vichysto-am\u00e9ricains&nbsp;\u00bb (1940-1944)<\/b>"},"content":{"rendered":"<p>Contenu \u00e0 venir.<\/p>\n","protected":false},"excerpt":{"rendered":"<p>Contenu \u00e0 venir.<\/p>\n","protected":false},"author":1,"featured_media":0,"parent":526,"menu_order":15,"comment_status":"closed","ping_status":"closed","template":"","meta":[],"_links":{"self":[{"href":"https:\/\/www.cuem.info\/index.php?rest_route=\/wp\/v2\/pages\/901"}],"collection":[{"href":"https:\/\/www.cuem.info\/index.php?rest_route=\/wp\/v2\/pages"}],"about":[{"href":"https:\/\/www.cuem.info\/index.php?rest_route=\/wp\/v2\/types\/page"}],"author":[{"embeddable":true,"href":"https:\/\/www.cuem.info\/index.php?rest_route=\/wp\/v2\/users\/1"}],"replies":[{"embeddable":true,"href":"https:\/\/www.cuem.info\/index.php?rest_route=%2Fwp%2Fv2%2Fcomments&post=901"}],"version-history":[{"count":1,"href":"https:\/\/www.cuem.info\/index.php?rest_route=\/wp\/v2\/pages\/901\/revisions"}],"predecessor-version":[{"id":902,"href":"https:\/\/www.cuem.info\/index.php?rest_route=\/wp\/v2\/pages\/901\/revisions\/902"}],"up":[{"embeddable":true,"href":"https:\/\/www.cuem.info\/index.php?rest_route=\/wp\/v2\/pages\/526"}],"wp:attachment":[{"href":"https:\/\/www.cuem.info\/index.php?rest_route=%2Fwp%2Fv2%2Fmedia&parent=901"}],"curies":[{"name":"wp","href":"https:\/\/api.w.org\/{rel}","templated":true}]}}