{"id":842,"date":"2018-06-27T13:22:53","date_gmt":"2018-06-27T12:22:53","guid":{"rendered":"http:\/\/www.cuem.info\/?page_id=842"},"modified":"2018-06-27T13:22:53","modified_gmt":"2018-06-27T12:22:53","slug":"2362016-jean-claude-lecas-et-aymeric-monville-lu-r-s-s-vecue-annees-1930-ombres-et-lumieres","status":"publish","type":"page","link":"https:\/\/www.cuem.info\/?page_id=842","title":{"rendered":"23\/6\/2016 &#8211; Jean-Claude LECAS et Aymeric MONVILLE&nbsp;:<br><b> L\u2019U.R.S.S. v\u00e9cue, ann\u00e9es 1930 : ombres et lumi\u00e8res<\/b>"},"content":{"rendered":"<p>Contenus \u00e0 venir.<\/p>\n","protected":false},"excerpt":{"rendered":"<p>Contenus \u00e0 venir.<\/p>\n","protected":false},"author":1,"featured_media":0,"parent":424,"menu_order":10,"comment_status":"closed","ping_status":"closed","template":"","meta":[],"_links":{"self":[{"href":"https:\/\/www.cuem.info\/index.php?rest_route=\/wp\/v2\/pages\/842"}],"collection":[{"href":"https:\/\/www.cuem.info\/index.php?rest_route=\/wp\/v2\/pages"}],"about":[{"href":"https:\/\/www.cuem.info\/index.php?rest_route=\/wp\/v2\/types\/page"}],"author":[{"embeddable":true,"href":"https:\/\/www.cuem.info\/index.php?rest_route=\/wp\/v2\/users\/1"}],"replies":[{"embeddable":true,"href":"https:\/\/www.cuem.info\/index.php?rest_route=%2Fwp%2Fv2%2Fcomments&post=842"}],"version-history":[{"count":1,"href":"https:\/\/www.cuem.info\/index.php?rest_route=\/wp\/v2\/pages\/842\/revisions"}],"predecessor-version":[{"id":843,"href":"https:\/\/www.cuem.info\/index.php?rest_route=\/wp\/v2\/pages\/842\/revisions\/843"}],"up":[{"embeddable":true,"href":"https:\/\/www.cuem.info\/index.php?rest_route=\/wp\/v2\/pages\/424"}],"wp:attachment":[{"href":"https:\/\/www.cuem.info\/index.php?rest_route=%2Fwp%2Fv2%2Fmedia&parent=842"}],"curies":[{"name":"wp","href":"https:\/\/api.w.org\/{rel}","templated":true}]}}