{"id":840,"date":"2018-06-27T13:21:22","date_gmt":"2018-06-27T12:21:22","guid":{"rendered":"http:\/\/www.cuem.info\/?page_id=840"},"modified":"2018-06-27T13:21:22","modified_gmt":"2018-06-27T12:21:22","slug":"962016-remy-herrerahugo-chavez-a-propos-du-livre-demilio-modesto-guerrero","status":"publish","type":"page","link":"https:\/\/www.cuem.info\/?page_id=840","title":{"rendered":"9\/6\/2016 &#8211; R\u00e9my HERRERA&nbsp;:<br><b>Hugo Chavez. \u00c0 propos du livre d\u2019Emilio Modesto Guerrero<\/b>"},"content":{"rendered":"<p>Conf\u00e9rence annul\u00e9e et report\u00e9e.<\/p>\n","protected":false},"excerpt":{"rendered":"<p>Conf\u00e9rence annul\u00e9e et report\u00e9e.<\/p>\n","protected":false},"author":1,"featured_media":0,"parent":424,"menu_order":9,"comment_status":"closed","ping_status":"closed","template":"","meta":[],"_links":{"self":[{"href":"https:\/\/www.cuem.info\/index.php?rest_route=\/wp\/v2\/pages\/840"}],"collection":[{"href":"https:\/\/www.cuem.info\/index.php?rest_route=\/wp\/v2\/pages"}],"about":[{"href":"https:\/\/www.cuem.info\/index.php?rest_route=\/wp\/v2\/types\/page"}],"author":[{"embeddable":true,"href":"https:\/\/www.cuem.info\/index.php?rest_route=\/wp\/v2\/users\/1"}],"replies":[{"embeddable":true,"href":"https:\/\/www.cuem.info\/index.php?rest_route=%2Fwp%2Fv2%2Fcomments&post=840"}],"version-history":[{"count":1,"href":"https:\/\/www.cuem.info\/index.php?rest_route=\/wp\/v2\/pages\/840\/revisions"}],"predecessor-version":[{"id":841,"href":"https:\/\/www.cuem.info\/index.php?rest_route=\/wp\/v2\/pages\/840\/revisions\/841"}],"up":[{"embeddable":true,"href":"https:\/\/www.cuem.info\/index.php?rest_route=\/wp\/v2\/pages\/424"}],"wp:attachment":[{"href":"https:\/\/www.cuem.info\/index.php?rest_route=%2Fwp%2Fv2%2Fmedia&parent=840"}],"curies":[{"name":"wp","href":"https:\/\/api.w.org\/{rel}","templated":true}]}}