{"id":799,"date":"2018-06-27T12:04:50","date_gmt":"2018-06-27T11:04:50","guid":{"rendered":"http:\/\/www.cuem.info\/?page_id=799"},"modified":"2019-04-07T13:57:07","modified_gmt":"2019-04-07T12:57:07","slug":"2132019-l-sanchila-pensee-de-gramsci","status":"publish","type":"page","link":"https:\/\/www.cuem.info\/?page_id=799","title":{"rendered":"21\/3\/2019 &#8211; Alain RUSCIO&nbsp;:<br><b>Les communistes et les guerres de d\u00e9colonisation&nbsp;: Indochine, Alg\u00e9rie, 1945-1962<\/b>"},"content":{"rendered":"<table class=\"m_-2927910408036179071mcnImageBlock\" border=\"0\" width=\"100%\" cellspacing=\"0\" cellpadding=\"0\">\n<tbody class=\"m_-2927910408036179071mcnImageBlockOuter\">\n<tr>\n<td class=\"m_-2927910408036179071mcnImageBlockInner\" valign=\"top\">\n<table class=\"m_-2927910408036179071mcnImageContentContainer\" border=\"0\" width=\"100%\" cellspacing=\"0\" cellpadding=\"0\" align=\"left\">\n<tbody>\n<tr>\n<td class=\"m_-2927910408036179071mcnImageContent\" valign=\"top\"><img decoding=\"async\" class=\"m_-2927910408036179071mcnImage\" src=\"https:\/\/gallery.mailchimp.com\/8abb2ec04e269329fb02fd278\/images\/ed78cd76-bc81-43ba-aa87-31fa589c15fa.png\" alt=\"\" width=\"564\" align=\"middle\" \/><\/td>\n<\/tr>\n<\/tbody>\n<\/table>\n<\/td>\n<\/tr>\n<\/tbody>\n<\/table>\n<table class=\"m_-2927910408036179071mcnTextBlock\" border=\"0\" width=\"100%\" cellspacing=\"0\" cellpadding=\"0\">\n<tbody class=\"m_-2927910408036179071mcnTextBlockOuter\">\n<tr>\n<td class=\"m_-2927910408036179071mcnTextBlockInner\" valign=\"top\">\n<table class=\"m_-2927910408036179071mcnTextContentContainer\" border=\"0\" width=\"100%\" cellspacing=\"0\" cellpadding=\"0\" align=\"left\">\n<tbody>\n<tr>\n<td class=\"m_-2927910408036179071mcnTextContent\" valign=\"top\">\n<h3>\u201cLes communistes et les guerres de d\u00e9colonisation. Indochine, Alg\u00e9rie\u201d\u00a0par Alain Ruscio<\/h3>\n<p>Alain Ruscio est chercheur, Docteur d\u2019\u00c9tat, sp\u00e9cialiste de l\u2019histoire coloniale. Il a consacr\u00e9 sa th\u00e8se \u00e0 l\u2019Indochine coloniale et \u00e0 la phase finale : la guerre fran\u00e7aise d\u2019Indochine (1940-1954). Il dirige le centre d\u2019information et de documentation sur le Vietnam contemporain. Plus r\u00e9cemment il a \u00e9largi ses travaux vers une histoire comparative des colonies fran\u00e7aises. Il a coordonn\u00e9 un travail collectif sur \u00ab Histoire de la colonisation : r\u00e9habilitations, falsifications et instrumentalisations \u00bb.<br \/>\nIl est l\u2019auteur de 17 livres, parmi eux :<br \/>\n\u00ab\u00a0Les communistes fran\u00e7ais et la guerre d\u2019Indochine 1944-1954\u00a0\u00bb, Paris, L\u2019Harmattan, 1985<br \/>\n\u00ab\u00a0Les communistes et l\u2019Alg\u00e9rie,1920-1962\u00a0\u00bb La d\u00e9couverte, 2019<\/p>\n<p>Alain RUSCIO, lors de sa conf\u00e9rence compare la position et l\u2019action des communistes lors de ces deux guerres (1945-1962).<br \/>\nConf\u00e9rence donn\u00e9e dans le cadre du Cercle Universitaire d\u2019\u00c9tudes Marxistes (CUEM) en collaboration avec les \u00c9DITIONS DELGA<\/td>\n<\/tr>\n<\/tbody>\n<\/table>\n<\/td>\n<\/tr>\n<\/tbody>\n<\/table>\n<table class=\"m_-2927910408036179071mcnButtonBlock\" border=\"0\" width=\"100%\" cellspacing=\"0\" cellpadding=\"0\">\n<tbody class=\"m_-2927910408036179071mcnButtonBlockOuter\">\n<tr>\n<td class=\"m_-2927910408036179071mcnButtonBlockInner\" align=\"center\" valign=\"top\">\n<table class=\"m_-2927910408036179071mcnButtonContentContainer\" border=\"0\" cellspacing=\"0\" cellpadding=\"0\">\n<tbody>\n<tr>\n<td class=\"m_-2927910408036179071mcnButtonContent\" align=\"center\" valign=\"middle\" style=\"text-align: center\">La conf\u00e9rence est visible <a class=\"m_-2927910408036179071mcnButton\" href=\"https:\/\/lesfilmsdelan2.us15.list-manage.com\/track\/click?u=8abb2ec04e269329fb02fd278&amp;id=3d0bdb047f&amp;e=0ad695c631\" target=\"_blank\"><b>ici<\/b><\/a>,<br \/>Et aussi <a class=\"m_-2927910408036179071mcnButton\" href=\"https:\/\/lesfilmsdelan2.us15.list-manage.com\/track\/click?u=8abb2ec04e269329fb02fd278&amp;id=6d528eab78&amp;e=0ad695c631\" target=\"_blank\"><b>l\u00e0<\/b>.<\/td>\n<\/tr>\n<\/tbody>\n<\/table>\n<\/td>\n<\/tr>\n<\/tbody>\n<\/table>\n<\/td>\n<\/tr>\n<\/tbody>\n<\/table>\n","protected":false},"excerpt":{"rendered":"<p>\u201cLes communistes et les guerres de d\u00e9colonisation. Indochine, Alg\u00e9rie\u201d\u00a0par Alain Ruscio Alain Ruscio est chercheur, Docteur d\u2019\u00c9tat, sp\u00e9cialiste de l\u2019histoire coloniale. Il a consacr\u00e9 sa th\u00e8se \u00e0 l\u2019Indochine coloniale et \u00e0 la phase finale : la guerre fran\u00e7aise d\u2019Indochine (1940-1954). Il dirige le centre d\u2019information et de documentation sur le Vietnam contemporain. Plus r\u00e9cemment il &hellip; <a href=\"https:\/\/www.cuem.info\/?page_id=799\" class=\"more-link\">Continuer la lecture de <span class=\"screen-reader-text\">21\/3\/2019 &#8211; Alain RUSCIO&nbsp;:<br \/><b>Les communistes et les guerres de d\u00e9colonisation&nbsp;: Indochine, Alg\u00e9rie, 1945-1962<\/b><\/span>  <span class=\"meta-nav\">&rarr;<\/span><\/a><\/p>\n","protected":false},"author":1,"featured_media":0,"parent":787,"menu_order":60,"comment_status":"closed","ping_status":"closed","template":"","meta":[],"_links":{"self":[{"href":"https:\/\/www.cuem.info\/index.php?rest_route=\/wp\/v2\/pages\/799"}],"collection":[{"href":"https:\/\/www.cuem.info\/index.php?rest_route=\/wp\/v2\/pages"}],"about":[{"href":"https:\/\/www.cuem.info\/index.php?rest_route=\/wp\/v2\/types\/page"}],"author":[{"embeddable":true,"href":"https:\/\/www.cuem.info\/index.php?rest_route=\/wp\/v2\/users\/1"}],"replies":[{"embeddable":true,"href":"https:\/\/www.cuem.info\/index.php?rest_route=%2Fwp%2Fv2%2Fcomments&post=799"}],"version-history":[{"count":5,"href":"https:\/\/www.cuem.info\/index.php?rest_route=\/wp\/v2\/pages\/799\/revisions"}],"predecessor-version":[{"id":990,"href":"https:\/\/www.cuem.info\/index.php?rest_route=\/wp\/v2\/pages\/799\/revisions\/990"}],"up":[{"embeddable":true,"href":"https:\/\/www.cuem.info\/index.php?rest_route=\/wp\/v2\/pages\/787"}],"wp:attachment":[{"href":"https:\/\/www.cuem.info\/index.php?rest_route=%2Fwp%2Fv2%2Fmedia&parent=799"}],"curies":[{"name":"wp","href":"https:\/\/api.w.org\/{rel}","templated":true}]}}