{"id":787,"date":"2018-06-27T11:53:23","date_gmt":"2018-06-27T10:53:23","guid":{"rendered":"http:\/\/www.cuem.info\/?page_id=787"},"modified":"2019-03-02T16:34:19","modified_gmt":"2019-03-02T15:34:19","slug":"conferences-20182019","status":"publish","type":"page","link":"https:\/\/www.cuem.info\/?page_id=787","title":{"rendered":"Conf\u00e9rences 2018\/2019"},"content":{"rendered":"<p>Les conf\u00e9rences ont lieu aux <a href=\"http:\/\/www.crc.jussieu.fr\/pr_sentation.html\">Cordeliers<\/a> les jeudis \u00e0 17h30 (sauf exception).<\/p>\n<ul class=\"list-pages-shortcode child-pages\"><li class=\"page_item page-item-789\"><a href=\"https:\/\/www.cuem.info\/?page_id=789\">20\/9\/2018 &#8211; Aymeric MONVILLE, Luigi-Alberto SANCHI et Michel GRUSELLE&nbsp;:<br><b>D\u00e9mythifier Mai 68&nbsp;: Clouscard, Pasolini, Luttes salariales<\/b><\/a><\/li>\n<li class=\"page_item page-item-791\"><a href=\"https:\/\/www.cuem.info\/?page_id=791\">11\/10\/2018 &#8211; Jean-Michel TOULOUSE&nbsp;:<br><b>La d\u00e9mocratie directe est-elle possible&nbsp;?<\/b><\/a><\/li>\n<li class=\"page_item page-item-793\"><a href=\"https:\/\/www.cuem.info\/?page_id=793\">22\/11\/2018 &#8211;  Aymeric MONVILLE et Luis DAPELO&nbsp;:<br><b>Le marxisme en Am\u00e9rique Latine<\/b><\/a><\/li>\n<li class=\"page_item page-item-795\"><a href=\"https:\/\/www.cuem.info\/?page_id=795\">17\/1\/2019 &#8211; Michel et Jeannine GRUSELLE&nbsp;:<br><b>K. Marx, F. Engels : Militants et dirigeants r\u00e9volutionnaires communistes !<\/b><\/a><\/li>\n<li class=\"page_item page-item-799\"><a href=\"https:\/\/www.cuem.info\/?page_id=799\">21\/3\/2019 &#8211; Alain RUSCIO&nbsp;:<br><b>Les communistes et les guerres de d\u00e9colonisation&nbsp;: Indochine, Alg\u00e9rie, 1945-1962<\/b><\/a><\/li>\n<li class=\"page_item page-item-977\"><a href=\"https:\/\/www.cuem.info\/?page_id=977\">08\/04\/2019 &#8211; <b>La situation en Alg\u00e9rie ; r\u00e9union-d\u00e9bat<\/b> (<span style=\"color:red\">attention<\/span> lieu et horaire)<\/a><\/li>\n<li class=\"page_item page-item-806\"><a href=\"https:\/\/www.cuem.info\/?page_id=806\">16\/5\/2019 &#8211; Patrick THEURET&nbsp;:<br><b>D\u00e9passement ou abolition du capitalisme<\/b><\/a><\/li>\n<li class=\"page_item page-item-808\"><a href=\"https:\/\/www.cuem.info\/?page_id=808\">13\/6\/2019 &#8211; R\u00e9my  HERRERA, Michel GRUSELLE&nbsp;:<br><b>La Chine est-elle capitaliste&nbsp;?<\/b><\/a><\/li>\n<li class=\"page_item page-item-964\"><a href=\"https:\/\/www.cuem.info\/?page_id=964\">4\/7\/2019 &#8211; Andr\u00e9 BOURGEOT&nbsp;: <b>L&rsquo;espace saharo-sah\u00e9lien, ses enjeux politiques dans un contexte de crise syst\u00e9mique du capitalisme mondialis\u00e9<\/b><\/a><\/li>\n<\/ul>\n","protected":false},"excerpt":{"rendered":"<p>Les conf\u00e9rences ont lieu aux Cordeliers les jeudis \u00e0 17h30 (sauf exception).<\/p>\n","protected":false},"author":1,"featured_media":0,"parent":58,"menu_order":60,"comment_status":"closed","ping_status":"closed","template":"","meta":[],"_links":{"self":[{"href":"https:\/\/www.cuem.info\/index.php?rest_route=\/wp\/v2\/pages\/787"}],"collection":[{"href":"https:\/\/www.cuem.info\/index.php?rest_route=\/wp\/v2\/pages"}],"about":[{"href":"https:\/\/www.cuem.info\/index.php?rest_route=\/wp\/v2\/types\/page"}],"author":[{"embeddable":true,"href":"https:\/\/www.cuem.info\/index.php?rest_route=\/wp\/v2\/users\/1"}],"replies":[{"embeddable":true,"href":"https:\/\/www.cuem.info\/index.php?rest_route=%2Fwp%2Fv2%2Fcomments&post=787"}],"version-history":[{"count":5,"href":"https:\/\/www.cuem.info\/index.php?rest_route=\/wp\/v2\/pages\/787\/revisions"}],"predecessor-version":[{"id":967,"href":"https:\/\/www.cuem.info\/index.php?rest_route=\/wp\/v2\/pages\/787\/revisions\/967"}],"up":[{"embeddable":true,"href":"https:\/\/www.cuem.info\/index.php?rest_route=\/wp\/v2\/pages\/58"}],"wp:attachment":[{"href":"https:\/\/www.cuem.info\/index.php?rest_route=%2Fwp%2Fv2%2Fmedia&parent=787"}],"curies":[{"name":"wp","href":"https:\/\/api.w.org\/{rel}","templated":true}]}}