{"id":71,"date":"2014-06-23T13:32:29","date_gmt":"2014-06-23T12:32:29","guid":{"rendered":"http:\/\/www.cuem.info\/?page_id=71"},"modified":"2020-03-02T09:42:21","modified_gmt":"2020-03-02T08:42:21","slug":"a-propos","status":"publish","type":"page","link":"https:\/\/www.cuem.info\/?page_id=71","title":{"rendered":"\u00c0 propos"},"content":{"rendered":"<p>Constitu\u00e9 en 2013, le Cercle Universitaire d\u2019Etudes Marxistes (C.U.E.M.) a pour objectif d\u2019approfondir les sujets et les th\u00e8mes li\u00e9s \u00e0 la pens\u00e9e de Marx et Engels, \u00e0 l&rsquo;histoire et \u00e0 l&rsquo;actualit\u00e9 du marxisme en tant qu&rsquo;ensemble de mouvements politiquement organis\u00e9s.<\/p>\n<p>Le Cercle organise tout au long de l\u2019ann\u00e9e universitaire, dans les locaux de l&rsquo;Universit\u00e9 Paris V &#8211; Pierre et Marie Curie (U.P.M.C.), des conf\u00e9rences publiques ayant trait \u00e0 ces sujets, envisag\u00e9s d&rsquo;un point de vue marxiste.<\/p>\n<p>Le site du C.U.E.M. publie r\u00e9guli\u00e8rement les r\u00e9sum\u00e9s, textes et vid\u00e9os des conf\u00e9rences, ainsi que d&rsquo;autres mat\u00e9riaux relatifs aux th\u00e8mes marxistes.<\/p>\n<p>Les commentaires aux pi\u00e8ces publi\u00e9es sont d\u00e9sactiv\u00e9s. Pour nous joindre, pri\u00e8re de nous <a href=\"mailto:cercle.univ.etud.marxiste@gmail.com\">envoyer un mail<\/a>.<\/p>\n<p>Les membres du Cercle :<\/p>\n<ul>\n<li>Jean-Michel Biquard<\/li>\n<li>Michel Gruselle<\/li>\n<li>Agathe Keller<\/li>\n<li>Aymeric Monville<\/li>\n<li>Jeannine Morandat-Gruselle<\/li>\n<li>Michel Pierre<\/li>\n<li>Luigi-Alberto Sanchi<\/li>\n<\/ul>\n<figure id=\"attachment_216\" aria-describedby=\"caption-attachment-216\" style=\"width: 225px\" class=\"wp-caption aligncenter\"><a href=\"http:\/\/www.cuem.info\/wp-content\/uploads\/2014\/06\/2013-10-11-19.13.55.jpg\"><img decoding=\"async\" loading=\"lazy\" class=\"wp-image-216 size-medium\" src=\"http:\/\/www.cuem.info\/wp-content\/uploads\/2014\/06\/2013-10-11-19.13.55-225x300.jpg\" alt=\"2013-10-11 19.13.55\" width=\"225\" height=\"300\" srcset=\"https:\/\/www.cuem.info\/wp-content\/uploads\/2014\/06\/2013-10-11-19.13.55-225x300.jpg 225w, https:\/\/www.cuem.info\/wp-content\/uploads\/2014\/06\/2013-10-11-19.13.55-768x1024.jpg 768w, https:\/\/www.cuem.info\/wp-content\/uploads\/2014\/06\/2013-10-11-19.13.55.jpg 1536w\" sizes=\"(max-width: 225px) 100vw, 225px\" \/><\/a><figcaption id=\"caption-attachment-216\" class=\"wp-caption-text\">Roger Keeran (conf\u00e9rence du 11 octobre 2013)<\/figcaption><\/figure>\n","protected":false},"excerpt":{"rendered":"<p>Constitu\u00e9 en 2013, le Cercle Universitaire d\u2019Etudes Marxistes (C.U.E.M.) a pour objectif d\u2019approfondir les sujets et les th\u00e8mes li\u00e9s \u00e0 la pens\u00e9e de Marx et Engels, \u00e0 l&rsquo;histoire et \u00e0 l&rsquo;actualit\u00e9 du marxisme en tant qu&rsquo;ensemble de mouvements politiquement organis\u00e9s. Le Cercle organise tout au long de l\u2019ann\u00e9e universitaire, dans les locaux de l&rsquo;Universit\u00e9 Paris &hellip; <a href=\"https:\/\/www.cuem.info\/?page_id=71\" class=\"more-link\">Continuer la lecture de <span class=\"screen-reader-text\">\u00c0 propos<\/span>  <span class=\"meta-nav\">&rarr;<\/span><\/a><\/p>\n","protected":false},"author":2,"featured_media":0,"parent":0,"menu_order":0,"comment_status":"closed","ping_status":"closed","template":"","meta":[],"_links":{"self":[{"href":"https:\/\/www.cuem.info\/index.php?rest_route=\/wp\/v2\/pages\/71"}],"collection":[{"href":"https:\/\/www.cuem.info\/index.php?rest_route=\/wp\/v2\/pages"}],"about":[{"href":"https:\/\/www.cuem.info\/index.php?rest_route=\/wp\/v2\/types\/page"}],"author":[{"embeddable":true,"href":"https:\/\/www.cuem.info\/index.php?rest_route=\/wp\/v2\/users\/2"}],"replies":[{"embeddable":true,"href":"https:\/\/www.cuem.info\/index.php?rest_route=%2Fwp%2Fv2%2Fcomments&post=71"}],"version-history":[{"count":19,"href":"https:\/\/www.cuem.info\/index.php?rest_route=\/wp\/v2\/pages\/71\/revisions"}],"predecessor-version":[{"id":1083,"href":"https:\/\/www.cuem.info\/index.php?rest_route=\/wp\/v2\/pages\/71\/revisions\/1083"}],"wp:attachment":[{"href":"https:\/\/www.cuem.info\/index.php?rest_route=%2Fwp%2Fv2%2Fmedia&parent=71"}],"curies":[{"name":"wp","href":"https:\/\/api.w.org\/{rel}","templated":true}]}}