{"id":672,"date":"2018-04-20T17:00:29","date_gmt":"2018-04-20T16:00:29","guid":{"rendered":"http:\/\/www.cuem.info\/?page_id=672"},"modified":"2018-06-27T11:34:05","modified_gmt":"2018-06-27T10:34:05","slug":"benoit-quennedey-socialisme-reunification-nucleaire-les-enjeux-de-la-question-coreenne","status":"publish","type":"page","link":"https:\/\/www.cuem.info\/?page_id=672","title":{"rendered":"15\/2\/2018 &#8211; Beno\u00eet QUENNEDEY&nbsp;:<br><b>Socialisme, r\u00e9unification, nucl\u00e9aire : les enjeux de la question cor\u00e9enne.<\/b>"},"content":{"rendered":"<!--[if lt IE 9]><script>document.createElement('audio');<\/script><![endif]-->\n<audio class=\"wp-audio-shortcode\" id=\"audio-672-1\" preload=\"none\" style=\"width: 100%;\" controls=\"controls\"><source type=\"audio\/mpeg\" src=\"http:\/\/www.cuem.info\/wp-content\/uploads\/2018\/04\/CUEM15-02-2018.mp3?_=1\" \/><a href=\"http:\/\/www.cuem.info\/wp-content\/uploads\/2018\/04\/CUEM15-02-2018.mp3\">http:\/\/www.cuem.info\/wp-content\/uploads\/2018\/04\/CUEM15-02-2018.mp3<\/a><\/audio>\n","protected":false},"excerpt":{"rendered":"","protected":false},"author":1,"featured_media":0,"parent":612,"menu_order":50,"comment_status":"closed","ping_status":"closed","template":"","meta":[],"_links":{"self":[{"href":"https:\/\/www.cuem.info\/index.php?rest_route=\/wp\/v2\/pages\/672"}],"collection":[{"href":"https:\/\/www.cuem.info\/index.php?rest_route=\/wp\/v2\/pages"}],"about":[{"href":"https:\/\/www.cuem.info\/index.php?rest_route=\/wp\/v2\/types\/page"}],"author":[{"embeddable":true,"href":"https:\/\/www.cuem.info\/index.php?rest_route=\/wp\/v2\/users\/1"}],"replies":[{"embeddable":true,"href":"https:\/\/www.cuem.info\/index.php?rest_route=%2Fwp%2Fv2%2Fcomments&post=672"}],"version-history":[{"count":8,"href":"https:\/\/www.cuem.info\/index.php?rest_route=\/wp\/v2\/pages\/672\/revisions"}],"predecessor-version":[{"id":776,"href":"https:\/\/www.cuem.info\/index.php?rest_route=\/wp\/v2\/pages\/672\/revisions\/776"}],"up":[{"embeddable":true,"href":"https:\/\/www.cuem.info\/index.php?rest_route=\/wp\/v2\/pages\/612"}],"wp:attachment":[{"href":"https:\/\/www.cuem.info\/index.php?rest_route=%2Fwp%2Fv2%2Fmedia&parent=672"}],"curies":[{"name":"wp","href":"https:\/\/api.w.org\/{rel}","templated":true}]}}