{"id":663,"date":"2018-04-20T16:38:43","date_gmt":"2018-04-20T15:38:43","guid":{"rendered":"http:\/\/www.cuem.info\/?page_id=663"},"modified":"2018-06-27T10:41:08","modified_gmt":"2018-06-27T09:41:08","slug":"lenine-et-la-revolution-les-theses-davril-seance-animee-par-michel-gruselle","status":"publish","type":"page","link":"https:\/\/www.cuem.info\/?page_id=663","title":{"rendered":"16\/11\/2017 &#8211;  S\u00e9ance anim\u00e9e par Michel GRUSELLE :<br><b>L\u00e9nine et la r\u00e9volution, les th\u00e8ses d\u2019avril<\/b>"},"content":{"rendered":"<!--[if lt IE 9]><script>document.createElement('audio');<\/script><![endif]-->\n<audio class=\"wp-audio-shortcode\" id=\"audio-663-1\" preload=\"none\" style=\"width: 100%;\" controls=\"controls\"><source type=\"audio\/mpeg\" src=\"http:\/\/www.cuem.info\/wp-content\/uploads\/2018\/04\/CUEMth\u00e8seavril.mp3?_=1\" \/><a href=\"http:\/\/www.cuem.info\/wp-content\/uploads\/2018\/04\/CUEMth\u00e8seavril.mp3\">http:\/\/www.cuem.info\/wp-content\/uploads\/2018\/04\/CUEMth\u00e8seavril.mp3<\/a><\/audio>\n<p><strong>\u00a0<\/strong><\/p>\n","protected":false},"excerpt":{"rendered":"<p>\u00a0<\/p>\n","protected":false},"author":1,"featured_media":0,"parent":612,"menu_order":30,"comment_status":"closed","ping_status":"closed","template":"","meta":[],"_links":{"self":[{"href":"https:\/\/www.cuem.info\/index.php?rest_route=\/wp\/v2\/pages\/663"}],"collection":[{"href":"https:\/\/www.cuem.info\/index.php?rest_route=\/wp\/v2\/pages"}],"about":[{"href":"https:\/\/www.cuem.info\/index.php?rest_route=\/wp\/v2\/types\/page"}],"author":[{"embeddable":true,"href":"https:\/\/www.cuem.info\/index.php?rest_route=\/wp\/v2\/users\/1"}],"replies":[{"embeddable":true,"href":"https:\/\/www.cuem.info\/index.php?rest_route=%2Fwp%2Fv2%2Fcomments&post=663"}],"version-history":[{"count":6,"href":"https:\/\/www.cuem.info\/index.php?rest_route=\/wp\/v2\/pages\/663\/revisions"}],"predecessor-version":[{"id":754,"href":"https:\/\/www.cuem.info\/index.php?rest_route=\/wp\/v2\/pages\/663\/revisions\/754"}],"up":[{"embeddable":true,"href":"https:\/\/www.cuem.info\/index.php?rest_route=\/wp\/v2\/pages\/612"}],"wp:attachment":[{"href":"https:\/\/www.cuem.info\/index.php?rest_route=%2Fwp%2Fv2%2Fmedia&parent=663"}],"curies":[{"name":"wp","href":"https:\/\/api.w.org\/{rel}","templated":true}]}}