{"id":645,"date":"2018-04-20T15:42:23","date_gmt":"2018-04-20T14:42:23","guid":{"rendered":"http:\/\/www.cuem.info\/?page_id=645"},"modified":"2018-06-27T10:45:05","modified_gmt":"2018-06-27T09:45:05","slug":"samir-amin-revolution-doctobre-une-donnee-decisive-lalliance-ouvriers-paysans","status":"publish","type":"page","link":"https:\/\/www.cuem.info\/?page_id=645","title":{"rendered":"5\/4\/2018 &#8211; Samir AMIN :<br><b>R\u00e9volution d&rsquo;Octobre une donn\u00e9e d\u00e9cisive : l\u2019alliance ouvriers-paysans<\/b>"},"content":{"rendered":"<!--[if lt IE 9]><script>document.createElement('audio');<\/script><![endif]-->\n<audio class=\"wp-audio-shortcode\" id=\"audio-645-1\" preload=\"none\" style=\"width: 100%;\" controls=\"controls\"><source type=\"audio\/mpeg\" src=\"http:\/\/www.cuem.info\/wp-content\/uploads\/2018\/04\/SamirA.5-04-18.mp3?_=1\" \/><a href=\"http:\/\/www.cuem.info\/wp-content\/uploads\/2018\/04\/SamirA.5-04-18.mp3\">http:\/\/www.cuem.info\/wp-content\/uploads\/2018\/04\/SamirA.5-04-18.mp3<\/a><\/audio>\n","protected":false},"excerpt":{"rendered":"","protected":false},"author":1,"featured_media":0,"parent":612,"menu_order":70,"comment_status":"closed","ping_status":"closed","template":"","meta":[],"_links":{"self":[{"href":"https:\/\/www.cuem.info\/index.php?rest_route=\/wp\/v2\/pages\/645"}],"collection":[{"href":"https:\/\/www.cuem.info\/index.php?rest_route=\/wp\/v2\/pages"}],"about":[{"href":"https:\/\/www.cuem.info\/index.php?rest_route=\/wp\/v2\/types\/page"}],"author":[{"embeddable":true,"href":"https:\/\/www.cuem.info\/index.php?rest_route=\/wp\/v2\/users\/1"}],"replies":[{"embeddable":true,"href":"https:\/\/www.cuem.info\/index.php?rest_route=%2Fwp%2Fv2%2Fcomments&post=645"}],"version-history":[{"count":5,"href":"https:\/\/www.cuem.info\/index.php?rest_route=\/wp\/v2\/pages\/645\/revisions"}],"predecessor-version":[{"id":759,"href":"https:\/\/www.cuem.info\/index.php?rest_route=\/wp\/v2\/pages\/645\/revisions\/759"}],"up":[{"embeddable":true,"href":"https:\/\/www.cuem.info\/index.php?rest_route=\/wp\/v2\/pages\/612"}],"wp:attachment":[{"href":"https:\/\/www.cuem.info\/index.php?rest_route=%2Fwp%2Fv2%2Fmedia&parent=645"}],"curies":[{"name":"wp","href":"https:\/\/api.w.org\/{rel}","templated":true}]}}