{"id":620,"date":"2018-03-28T16:52:07","date_gmt":"2018-03-28T15:52:07","guid":{"rendered":"http:\/\/www.cuem.info\/?page_id=620"},"modified":"2018-06-27T10:38:34","modified_gmt":"2018-06-27T09:38:34","slug":"octobre-17-la-revolution-socialiste-russe-victoire-sur-limperialisme-porteuse-de-progres","status":"publish","type":"page","link":"https:\/\/www.cuem.info\/?page_id=620","title":{"rendered":"21\/10\/2017 &#8211; Samir AMIN, Annie LACROIX-RIX et Jean SALEM :<br><b>Octobre 17, La R\u00e9volution socialiste russe, victoire sur l&rsquo;imp\u00e9rialisme porteuse de progr\u00e8s<\/b>"},"content":{"rendered":"<p><iframe loading=\"lazy\" src=\"https:\/\/player.vimeo.com\/video\/239651067?title=0&amp;portrait=0\" width=\"640\" height=\"360\" frameborder=\"0\" allowfullscreen=\"allowfullscreen\"><\/iframe><\/p>\n<p><a href=\"https:\/\/vimeo.com\/239651067\">\u00ab\u00a0Octobre 1917 : la r\u00e9volution socialiste, victoire sur l&rsquo;imp\u00e9rialisme, porteuse de progr\u00e8s\u00a0\u00bb,<\/a> from <a href=\"https:\/\/vimeo.com\/user4868631\">Les Films de l&rsquo;An 2<\/a> on <a href=\"https:\/\/vimeo.com\">Vimeo<\/a>.<\/p>\n<p>conf\u00e9rence donn\u00e9e dans le cadre commun du S\u00e9minaire Marx au 21\u00e8me si\u00e8cle et du C.U.E.M. par<br \/>\n&#8211; Michel Gruselle : \u00ab\u00a0Pr\u00e9sentation du livre de Jean Salem (L\u00e9nine et la R\u00e9volution)<br \/>\n&#8211; Annie Lacroix-Riz : \u00ab\u00a0Les pays imp\u00e9rialistes face \u00e0 la r\u00e9volution d&rsquo;octobre : intervention militaire et cordon sanitaire\u00a0\u00bb<br \/>\n&#8211; Samir Amin : \u00ab\u00a0R\u00e9volution d&rsquo;octobre et mouvements de lib\u00e9ration nationale\u00a0\u00bb<\/p>\n<p>Paris, Sorbonne, 21 octobre 1917<\/p>\n<p><iframe loading=\"lazy\" src=\"https:\/\/player.vimeo.com\/video\/239705050?title=0&amp;portrait=0\" width=\"640\" height=\"360\" frameborder=\"0\" allowfullscreen=\"allowfullscreen\"><\/iframe><\/p>\n<p><a href=\"https:\/\/vimeo.com\/239705050\">\u00ab\u00a0Les pays imp\u00e9rialistes face \u00e0 la r\u00e9volution d&rsquo;Octobre : intervention militaire et cordon sanitaire\u00a0\u00bb, par Annie Lacroix-Riz<\/a> from <a href=\"https:\/\/vimeo.com\/user4868631\">Les Films de l&rsquo;An 2<\/a> on <a href=\"https:\/\/vimeo.com\">Vimeo<\/a>.<\/p>\n<p>Annie Lacroix-Riz est professeur \u00e9m\u00e9rite en Histoire Contemporaine, Paris VII.<br \/>\nConf\u00e9rence donn\u00e9e dans le cadre du s\u00e9minaire \u00ab\u00a0Marx au 21\u00e8me si\u00e8cle\u00a0\u00bb et du \u00ab\u00a0C.U.E.M.\u00a0\u00bb.<br \/>\n21 octobre 2017. Paris, Sorbonne<\/p>\n<p><iframe loading=\"lazy\" src=\"https:\/\/player.vimeo.com\/video\/239809567?title=0&amp;portrait=0\" width=\"640\" height=\"360\" frameborder=\"0\" allowfullscreen=\"allowfullscreen\"><\/iframe><\/p>\n<p><a href=\"https:\/\/vimeo.com\/239809567\">\u00ab\u00a0R\u00e9volution d&rsquo;Octobre et mouvements de lib\u00e9ration nationale\u00a0\u00bb, par Samir Amin<\/a> from <a href=\"https:\/\/vimeo.com\/user4868631\">Les Films de l&rsquo;An 2<\/a> on <a href=\"https:\/\/vimeo.com\">Vimeo<\/a>.<\/p>\n<p>Samir Amin, \u00e9conomiste franco-egyptien est Pr\u00e9sident du Forum mondial des alternatives.<br \/>\nConf\u00e9rence donn\u00e9e dans le cadre commun du S\u00e9minaire Marx au 21\u00e8me si\u00e8cle et du C.U.E.M.<br \/>\nParis, Sorbonne le 21 octobre 2017<\/p>\n","protected":false},"excerpt":{"rendered":"<p>\u00ab\u00a0Octobre 1917 : la r\u00e9volution socialiste, victoire sur l&rsquo;imp\u00e9rialisme, porteuse de progr\u00e8s\u00a0\u00bb, from Les Films de l&rsquo;An 2 on Vimeo. conf\u00e9rence donn\u00e9e dans le cadre commun du S\u00e9minaire Marx au 21\u00e8me si\u00e8cle et du C.U.E.M. par &#8211; Michel Gruselle : \u00ab\u00a0Pr\u00e9sentation du livre de Jean Salem (L\u00e9nine et la R\u00e9volution) &#8211; Annie Lacroix-Riz : \u00ab\u00a0Les &hellip; <a href=\"https:\/\/www.cuem.info\/?page_id=620\" class=\"more-link\">Continuer la lecture de <span class=\"screen-reader-text\">21\/10\/2017 &#8211; Samir AMIN, Annie LACROIX-RIX et Jean SALEM :<br \/><b>Octobre 17, La R\u00e9volution socialiste russe, victoire sur l&rsquo;imp\u00e9rialisme porteuse de progr\u00e8s<\/b><\/span>  <span class=\"meta-nav\">&rarr;<\/span><\/a><\/p>\n","protected":false},"author":1,"featured_media":0,"parent":612,"menu_order":20,"comment_status":"closed","ping_status":"closed","template":"","meta":[],"_links":{"self":[{"href":"https:\/\/www.cuem.info\/index.php?rest_route=\/wp\/v2\/pages\/620"}],"collection":[{"href":"https:\/\/www.cuem.info\/index.php?rest_route=\/wp\/v2\/pages"}],"about":[{"href":"https:\/\/www.cuem.info\/index.php?rest_route=\/wp\/v2\/types\/page"}],"author":[{"embeddable":true,"href":"https:\/\/www.cuem.info\/index.php?rest_route=\/wp\/v2\/users\/1"}],"replies":[{"embeddable":true,"href":"https:\/\/www.cuem.info\/index.php?rest_route=%2Fwp%2Fv2%2Fcomments&post=620"}],"version-history":[{"count":6,"href":"https:\/\/www.cuem.info\/index.php?rest_route=\/wp\/v2\/pages\/620\/revisions"}],"predecessor-version":[{"id":752,"href":"https:\/\/www.cuem.info\/index.php?rest_route=\/wp\/v2\/pages\/620\/revisions\/752"}],"up":[{"embeddable":true,"href":"https:\/\/www.cuem.info\/index.php?rest_route=\/wp\/v2\/pages\/612"}],"wp:attachment":[{"href":"https:\/\/www.cuem.info\/index.php?rest_route=%2Fwp%2Fv2%2Fmedia&parent=620"}],"curies":[{"name":"wp","href":"https:\/\/api.w.org\/{rel}","templated":true}]}}