{"id":612,"date":"2018-03-28T16:15:40","date_gmt":"2018-03-28T15:15:40","guid":{"rendered":"http:\/\/www.cuem.info\/?page_id=612"},"modified":"2018-06-28T11:12:00","modified_gmt":"2018-06-28T10:12:00","slug":"conference-20172018","status":"publish","type":"page","link":"https:\/\/www.cuem.info\/?page_id=612","title":{"rendered":"Conf\u00e9rences 2017\/2018"},"content":{"rendered":"<p>Les conf\u00e9rences ont lieu aux <a href=\"http:\/\/www.crc.jussieu.fr\/pr_sentation.html\">Cordeliers<\/a> les jeudis \u00e0 17h30 (sauf exception).<\/p>\n<ul class=\"list-pages-shortcode child-pages\"><li class=\"page_item page-item-625\"><a href=\"https:\/\/www.cuem.info\/?page_id=625\">21\/9\/2017 &#8211; Alain (Georges) LEDUC : <br><b>Octave Mirbeau : le gentleman-vitrioleur<\/b><\/a><\/li>\n<li class=\"page_item page-item-620\"><a href=\"https:\/\/www.cuem.info\/?page_id=620\">21\/10\/2017 &#8211; Samir AMIN, Annie LACROIX-RIX et Jean SALEM :<br><b>Octobre 17, La R\u00e9volution socialiste russe, victoire sur l&rsquo;imp\u00e9rialisme porteuse de progr\u00e8s<\/b><\/a><\/li>\n<li class=\"page_item page-item-663\"><a href=\"https:\/\/www.cuem.info\/?page_id=663\">16\/11\/2017 &#8211;  S\u00e9ance anim\u00e9e par Michel GRUSELLE :<br><b>L\u00e9nine et la r\u00e9volution, les th\u00e8ses d\u2019avril<\/b><\/a><\/li>\n<li class=\"page_item page-item-668\"><a href=\"https:\/\/www.cuem.info\/?page_id=668\">18\/1\/2018 &#8211;  S\u00e9ance anim\u00e9e par Luigi-Alberto SANCHI :<br><b>L\u2019internationale communiste, les 21 conditions<\/b><\/a><\/li>\n<li class=\"page_item page-item-672\"><a href=\"https:\/\/www.cuem.info\/?page_id=672\">15\/2\/2018 &#8211; Beno\u00eet QUENNEDEY&nbsp;:<br><b>Socialisme, r\u00e9unification, nucl\u00e9aire : les enjeux de la question cor\u00e9enne.<\/b><\/a><\/li>\n<li class=\"page_item page-item-611\"><a href=\"https:\/\/www.cuem.info\/?page_id=611\">15\/3\/2018 &#8211; Jo\u00eblle FONTAINE, Gis\u00e8le JAMET et Annie LACROIX-RIZ&nbsp;:<br><b>L\u2019Histoire sous influence \u00e0 l\u2019\u00e9cole et \u00e0 l\u2019Universit\u00e9<\/b><\/a><\/li>\n<li class=\"page_item page-item-645\"><a href=\"https:\/\/www.cuem.info\/?page_id=645\">5\/4\/2018 &#8211; Samir AMIN :<br><b>R\u00e9volution d&rsquo;Octobre une donn\u00e9e d\u00e9cisive : l\u2019alliance ouvriers-paysans<\/b><\/a><\/li>\n<li class=\"page_item page-item-696\"><a href=\"https:\/\/www.cuem.info\/?page_id=696\">24\/5\/2018 &#8211; Michel PIERRE : <br><b>Impact du d\u00e9veloppement scientifique sur le secteur pharmaceutique<\/b><\/a><\/li>\n<li class=\"page_item page-item-698\"><a href=\"https:\/\/www.cuem.info\/?page_id=698\">7\/6\/2018 &#8211; Agathe KELLER :<br><b>Marxisme et histoire des math\u00e9matiques en Inde<\/b><\/a><\/li>\n<\/ul>\n","protected":false},"excerpt":{"rendered":"<p>Les conf\u00e9rences ont lieu aux Cordeliers les jeudis \u00e0 17h30 (sauf exception).<\/p>\n","protected":false},"author":1,"featured_media":0,"parent":58,"menu_order":50,"comment_status":"closed","ping_status":"closed","template":"","meta":[],"_links":{"self":[{"href":"https:\/\/www.cuem.info\/index.php?rest_route=\/wp\/v2\/pages\/612"}],"collection":[{"href":"https:\/\/www.cuem.info\/index.php?rest_route=\/wp\/v2\/pages"}],"about":[{"href":"https:\/\/www.cuem.info\/index.php?rest_route=\/wp\/v2\/types\/page"}],"author":[{"embeddable":true,"href":"https:\/\/www.cuem.info\/index.php?rest_route=\/wp\/v2\/users\/1"}],"replies":[{"embeddable":true,"href":"https:\/\/www.cuem.info\/index.php?rest_route=%2Fwp%2Fv2%2Fcomments&post=612"}],"version-history":[{"count":10,"href":"https:\/\/www.cuem.info\/index.php?rest_route=\/wp\/v2\/pages\/612\/revisions"}],"predecessor-version":[{"id":766,"href":"https:\/\/www.cuem.info\/index.php?rest_route=\/wp\/v2\/pages\/612\/revisions\/766"}],"up":[{"embeddable":true,"href":"https:\/\/www.cuem.info\/index.php?rest_route=\/wp\/v2\/pages\/58"}],"wp:attachment":[{"href":"https:\/\/www.cuem.info\/index.php?rest_route=%2Fwp%2Fv2%2Fmedia&parent=612"}],"curies":[{"name":"wp","href":"https:\/\/api.w.org\/{rel}","templated":true}]}}