{"id":587,"date":"2017-06-07T19:07:03","date_gmt":"2017-06-07T18:07:03","guid":{"rendered":"http:\/\/www.cuem.info\/?page_id=587"},"modified":"2018-06-27T11:49:35","modified_gmt":"2018-06-27T10:49:35","slug":"r-herrera","status":"publish","type":"page","link":"https:\/\/www.cuem.info\/?page_id=587","title":{"rendered":"18\/5\/2017 &#8211; R\u00e9my HERRERA&nbsp;:<br><b>Figures r\u00e9volutionnaires de l&rsquo;Am\u00e9rique latine<\/b>"},"content":{"rendered":"<p><iframe loading=\"lazy\" src=\"https:\/\/player.vimeo.com\/video\/219404197?title=0&#038;portrait=0\" width=\"640\" height=\"360\" frameborder=\"0\" webkitallowfullscreen mozallowfullscreen allowfullscreen><\/iframe><\/p>\n","protected":false},"excerpt":{"rendered":"","protected":false},"author":1,"featured_media":0,"parent":526,"menu_order":60,"comment_status":"closed","ping_status":"closed","template":"","meta":[],"_links":{"self":[{"href":"https:\/\/www.cuem.info\/index.php?rest_route=\/wp\/v2\/pages\/587"}],"collection":[{"href":"https:\/\/www.cuem.info\/index.php?rest_route=\/wp\/v2\/pages"}],"about":[{"href":"https:\/\/www.cuem.info\/index.php?rest_route=\/wp\/v2\/types\/page"}],"author":[{"embeddable":true,"href":"https:\/\/www.cuem.info\/index.php?rest_route=\/wp\/v2\/users\/1"}],"replies":[{"embeddable":true,"href":"https:\/\/www.cuem.info\/index.php?rest_route=%2Fwp%2Fv2%2Fcomments&post=587"}],"version-history":[{"count":7,"href":"https:\/\/www.cuem.info\/index.php?rest_route=\/wp\/v2\/pages\/587\/revisions"}],"predecessor-version":[{"id":784,"href":"https:\/\/www.cuem.info\/index.php?rest_route=\/wp\/v2\/pages\/587\/revisions\/784"}],"up":[{"embeddable":true,"href":"https:\/\/www.cuem.info\/index.php?rest_route=\/wp\/v2\/pages\/526"}],"wp:attachment":[{"href":"https:\/\/www.cuem.info\/index.php?rest_route=%2Fwp%2Fv2%2Fmedia&parent=587"}],"curies":[{"name":"wp","href":"https:\/\/api.w.org\/{rel}","templated":true}]}}