{"id":526,"date":"2016-12-12T09:39:16","date_gmt":"2016-12-12T08:39:16","guid":{"rendered":"http:\/\/www.cuem.info\/?page_id=526"},"modified":"2018-06-28T11:12:47","modified_gmt":"2018-06-28T10:12:47","slug":"conferences-201617","status":"publish","type":"page","link":"https:\/\/www.cuem.info\/?page_id=526","title":{"rendered":"Conf\u00e9rences 2016\/2017"},"content":{"rendered":"<ul class=\"list-pages-shortcode child-pages\"><li class=\"page_item page-item-899\"><a href=\"https:\/\/www.cuem.info\/?page_id=899\">22\/9\/2016 &#8211; Alain (Georges) LEDUC&nbsp;:<br><b>Yves Klein&nbsp;: un art pour l\u2019\u00e9lite<\/b><\/a><\/li>\n<li class=\"page_item page-item-546 page_item_has_children\"><a href=\"https:\/\/www.cuem.info\/?page_id=546\">15\/10\/2016 &#8211; COLLOQUE :<br><b>Renault: forteresse ouvri\u00e8re ou haut lieu de la lutte de classe<\/b><\/a><\/li>\n<li class=\"page_item page-item-901\"><a href=\"https:\/\/www.cuem.info\/?page_id=901\">17\/11\/2016 &#8211; Annie LACROIX-RIZ&nbsp;:<br><b>Les privil\u00e9gi\u00e9s fran\u00e7ais entre Berlin et Washington&nbsp;:  les \u00ab&nbsp;vichysto-am\u00e9ricains&nbsp;\u00bb (1940-1944)<\/b><\/a><\/li>\n<li class=\"page_item page-item-533 page_item_has_children\"><a href=\"https:\/\/www.cuem.info\/?page_id=533\">8\/12\/2016 &#8211; Lilian TRUCHON :<br><b>L\u00e9nine philosophe : l&rsquo;enjeu du mat\u00e9rialisme<\/b><\/a><\/li>\n<li class=\"page_item page-item-560 page_item_has_children\"><a href=\"https:\/\/www.cuem.info\/?page_id=560\">19\/1\/2017 &#8211; Association AFASPA&nbsp;:<br><b>Imp\u00e9rialisme dans l&rsquo;Afrique d&rsquo;aujourd&rsquo;hui<\/b><\/a><\/li>\n<li class=\"page_item page-item-573 page_item_has_children\"><a href=\"https:\/\/www.cuem.info\/?page_id=573\">23\/2\/2017 &#8211; Tancr\u00e8de MOTTA !<br><b>L&rsquo;\u00e9nergie, m\u00e8re de tous les conflits<\/b><\/a><\/li>\n<li class=\"page_item page-item-679\"><a href=\"https:\/\/www.cuem.info\/?page_id=679\">16\/3\/2017 &#8211; Jo\u00eblle FONTAINE&nbsp;:<br><b>Gr\u00e8ce 1941-1946 : une grande r\u00e9sistance bris\u00e9e  par l\u2019imp\u00e9rialisme britannique<\/b><\/a><\/li>\n<li class=\"page_item page-item-587\"><a href=\"https:\/\/www.cuem.info\/?page_id=587\">18\/5\/2017 &#8211; R\u00e9my HERRERA&nbsp;:<br><b>Figures r\u00e9volutionnaires de l&rsquo;Am\u00e9rique latine<\/b><\/a><\/li>\n<li class=\"page_item page-item-703\"><a href=\"https:\/\/www.cuem.info\/?page_id=703\">15\/6\/2017 &#8211; Victor GYSEMBERGH&nbsp;:<br><b>L\u2019histoire de la science dans l\u2019histoire de l\u2019humanit\u00e9 : l\u2019astronomie dans le monde antique<\/b><\/a><\/li>\n<\/ul>\n","protected":false},"excerpt":{"rendered":"","protected":false},"author":1,"featured_media":0,"parent":58,"menu_order":40,"comment_status":"closed","ping_status":"closed","template":"","meta":[],"_links":{"self":[{"href":"https:\/\/www.cuem.info\/index.php?rest_route=\/wp\/v2\/pages\/526"}],"collection":[{"href":"https:\/\/www.cuem.info\/index.php?rest_route=\/wp\/v2\/pages"}],"about":[{"href":"https:\/\/www.cuem.info\/index.php?rest_route=\/wp\/v2\/types\/page"}],"author":[{"embeddable":true,"href":"https:\/\/www.cuem.info\/index.php?rest_route=\/wp\/v2\/users\/1"}],"replies":[{"embeddable":true,"href":"https:\/\/www.cuem.info\/index.php?rest_route=%2Fwp%2Fv2%2Fcomments&post=526"}],"version-history":[{"count":14,"href":"https:\/\/www.cuem.info\/index.php?rest_route=\/wp\/v2\/pages\/526\/revisions"}],"predecessor-version":[{"id":853,"href":"https:\/\/www.cuem.info\/index.php?rest_route=\/wp\/v2\/pages\/526\/revisions\/853"}],"up":[{"embeddable":true,"href":"https:\/\/www.cuem.info\/index.php?rest_route=\/wp\/v2\/pages\/58"}],"wp:attachment":[{"href":"https:\/\/www.cuem.info\/index.php?rest_route=%2Fwp%2Fv2%2Fmedia&parent=526"}],"curies":[{"name":"wp","href":"https:\/\/api.w.org\/{rel}","templated":true}]}}