{"id":424,"date":"2015-11-09T10:21:40","date_gmt":"2015-11-09T09:21:40","guid":{"rendered":"http:\/\/www.cuem.info\/?page_id=424"},"modified":"2018-06-28T11:13:13","modified_gmt":"2018-06-28T10:13:13","slug":"conferences-20152016","status":"publish","type":"page","link":"https:\/\/www.cuem.info\/?page_id=424","title":{"rendered":"Conf\u00e9rences 2015\/2016"},"content":{"rendered":"<ul class=\"list-pages-shortcode child-pages\"><li class=\"page_item page-item-429 page_item_has_children\"><a href=\"https:\/\/www.cuem.info\/?page_id=429\">15\/10\/2015 &#8211; Nasser Suleiman GABRYEL&nbsp;:<br><b>Islam et soci\u00e9t\u00e9 en France&nbsp;: un point de vue gramscien<\/b><\/a><\/li>\n<li class=\"page_item page-item-438 page_item_has_children\"><a href=\"https:\/\/www.cuem.info\/?page_id=438\">3\/12\/2015 &#8211; Alain (Georges) LEDUC&nbsp;:<br><b>Roger Valland et la litt\u00e9rature communiste<\/b><\/a><\/li>\n<li class=\"page_item page-item-446 page_item_has_children\"><a href=\"https:\/\/www.cuem.info\/?page_id=446\">17\/12\/2015 &#8211; Annie LACROIX-RIZ&nbsp;:<br><b>Syndicalisme ouvrier et imp\u00e9rialisme depuis 1930<\/b><\/a><\/li>\n<li class=\"page_item page-item-457 page_item_has_children\"><a href=\"https:\/\/www.cuem.info\/?page_id=457\">14\/1\/2016 &#8211; Annie LACROIX-RIZ&nbsp;:<br><b>La \u00ab\u00a0famine en Ukraine\u00a0\u00bb de 1933 \u00e0 nos jours<\/b><\/a><\/li>\n<li class=\"page_item page-item-471 page_item_has_children\"><a href=\"https:\/\/www.cuem.info\/?page_id=471\">4\/2\/2016 &#8211; Luigi-Alberto SANCHI&nbsp;:<br><b>Empire romain et lutte des classes<\/b><\/a><\/li>\n<li class=\"page_item page-item-503 page_item_has_children\"><a href=\"https:\/\/www.cuem.info\/?page_id=503\">17\/3\/2016 &#8211; Paul BOUFFARTIGUE&nbsp;:<br><b>Les classes populaires aujourd&rsquo;hui<\/b><br>Jeannine GRUSELLE&nbsp;:<br><b>Notion de classe chez Marx<\/b><\/a><\/li>\n<li class=\"page_item page-item-490 page_item_has_children\"><a href=\"https:\/\/www.cuem.info\/?page_id=490\">12\/5\/2016 &#8211; Michel GRUSELLE&nbsp;:<br><b>La d\u00e9faite de l&rsquo;URSS. Le devenir des communistes russes<\/b><\/a><\/li>\n<li class=\"page_item page-item-840\"><a href=\"https:\/\/www.cuem.info\/?page_id=840\">9\/6\/2016 &#8211; R\u00e9my HERRERA&nbsp;:<br><b>Hugo Chavez. \u00c0 propos du livre d\u2019Emilio Modesto Guerrero<\/b><\/a><\/li>\n<li class=\"page_item page-item-842\"><a href=\"https:\/\/www.cuem.info\/?page_id=842\">23\/6\/2016 &#8211; Jean-Claude LECAS et Aymeric MONVILLE&nbsp;:<br><b> L\u2019U.R.S.S. v\u00e9cue, ann\u00e9es 1930 : ombres et lumi\u00e8res<\/b><\/a><\/li>\n<\/ul>\n","protected":false},"excerpt":{"rendered":"","protected":false},"author":1,"featured_media":0,"parent":58,"menu_order":30,"comment_status":"closed","ping_status":"closed","template":"","meta":[],"_links":{"self":[{"href":"https:\/\/www.cuem.info\/index.php?rest_route=\/wp\/v2\/pages\/424"}],"collection":[{"href":"https:\/\/www.cuem.info\/index.php?rest_route=\/wp\/v2\/pages"}],"about":[{"href":"https:\/\/www.cuem.info\/index.php?rest_route=\/wp\/v2\/types\/page"}],"author":[{"embeddable":true,"href":"https:\/\/www.cuem.info\/index.php?rest_route=\/wp\/v2\/users\/1"}],"replies":[{"embeddable":true,"href":"https:\/\/www.cuem.info\/index.php?rest_route=%2Fwp%2Fv2%2Fcomments&post=424"}],"version-history":[{"count":15,"href":"https:\/\/www.cuem.info\/index.php?rest_route=\/wp\/v2\/pages\/424\/revisions"}],"predecessor-version":[{"id":851,"href":"https:\/\/www.cuem.info\/index.php?rest_route=\/wp\/v2\/pages\/424\/revisions\/851"}],"up":[{"embeddable":true,"href":"https:\/\/www.cuem.info\/index.php?rest_route=\/wp\/v2\/pages\/58"}],"wp:attachment":[{"href":"https:\/\/www.cuem.info\/index.php?rest_route=%2Fwp%2Fv2%2Fmedia&parent=424"}],"curies":[{"name":"wp","href":"https:\/\/api.w.org\/{rel}","templated":true}]}}