{"id":30,"date":"2014-06-19T18:49:01","date_gmt":"2014-06-19T17:49:01","guid":{"rendered":"http:\/\/www.cuem.info\/?page_id=30"},"modified":"2018-06-27T20:22:44","modified_gmt":"2018-06-27T19:22:44","slug":"liens","status":"publish","type":"page","link":"https:\/\/www.cuem.info\/?page_id=30","title":{"rendered":"Ressources"},"content":{"rendered":"<ul class=\"list-pages-shortcode child-pages\"><li class=\"page_item page-item-233\"><a href=\"https:\/\/www.cuem.info\/?page_id=233\">25\/1\/12 &#8211; Alain BIHR&nbsp;:<br><b>Pourquoi relire <em>Le Capital<\/em><\/b> (conf\u00e9rence)<\/a><\/li>\n<li class=\"page_item page-item-98\"><a href=\"https:\/\/www.cuem.info\/?page_id=98\">21\/11\/2012 &#8211; Roland PFEFFERKORN&nbsp;:<br><b>In\u00e9galit\u00e9s et classes sociales<\/b> (conf\u00e9rence)<\/a><\/li>\n<li class=\"page_item page-item-168 page_item_has_children\"><a href=\"https:\/\/www.cuem.info\/?page_id=168\">3\/2014 &#8211; Samir AMIN&nbsp;:<br><b>Russia and the Ukraine Crisis<\/b> (article)<\/a><\/li>\n<li class=\"page_item page-item-279\"><a href=\"https:\/\/www.cuem.info\/?page_id=279\">3\/8\/2014 &#8211; Andrew MURRAY&nbsp;:<br><b>L&rsquo;imp\u00e9rialisme a \u00e9volu\u00e9 mais il r\u00e8gne toujours sur le monde<\/b> (article)<\/a><\/li>\n<li class=\"page_item page-item-1117\"><a href=\"https:\/\/www.cuem.info\/?page_id=1117\">14\/10\/20 &#8211; <b>La collection des brochures du CUEM<\/b><\/a><\/li>\n<\/ul>\n","protected":false},"excerpt":{"rendered":"","protected":false},"author":1,"featured_media":0,"parent":0,"menu_order":99,"comment_status":"closed","ping_status":"open","template":"","meta":[],"_links":{"self":[{"href":"https:\/\/www.cuem.info\/index.php?rest_route=\/wp\/v2\/pages\/30"}],"collection":[{"href":"https:\/\/www.cuem.info\/index.php?rest_route=\/wp\/v2\/pages"}],"about":[{"href":"https:\/\/www.cuem.info\/index.php?rest_route=\/wp\/v2\/types\/page"}],"author":[{"embeddable":true,"href":"https:\/\/www.cuem.info\/index.php?rest_route=\/wp\/v2\/users\/1"}],"replies":[{"embeddable":true,"href":"https:\/\/www.cuem.info\/index.php?rest_route=%2Fwp%2Fv2%2Fcomments&post=30"}],"version-history":[{"count":14,"href":"https:\/\/www.cuem.info\/index.php?rest_route=\/wp\/v2\/pages\/30\/revisions"}],"predecessor-version":[{"id":919,"href":"https:\/\/www.cuem.info\/index.php?rest_route=\/wp\/v2\/pages\/30\/revisions\/919"}],"wp:attachment":[{"href":"https:\/\/www.cuem.info\/index.php?rest_route=%2Fwp%2Fv2%2Fmedia&parent=30"}],"curies":[{"name":"wp","href":"https:\/\/api.w.org\/{rel}","templated":true}]}}