{"id":266,"date":"2014-10-27T09:57:02","date_gmt":"2014-10-27T08:57:02","guid":{"rendered":"http:\/\/www.cuem.info\/?page_id=266"},"modified":"2018-06-28T11:13:29","modified_gmt":"2018-06-28T10:13:29","slug":"conferences-20142015","status":"publish","type":"page","link":"https:\/\/www.cuem.info\/?page_id=266","title":{"rendered":"Conf\u00e9rences 2014\/2015"},"content":{"rendered":"<ul class=\"list-pages-shortcode child-pages\"><li class=\"page_item page-item-268 page_item_has_children\"><a href=\"https:\/\/www.cuem.info\/?page_id=268\">15\/9\/2014 &#8211; Annie LACROIX-RIZ pr\u00e9sente&nbsp;:<br><b><em>Les guerres de Staline<\/em> de Geoffrey ROBERTS<\/b><\/a><\/li>\n<li class=\"page_item page-item-289 page_item_has_children\"><a href=\"https:\/\/www.cuem.info\/?page_id=289\">13\/10\/2014 &#8211; Sylvain BILLOT&nbsp;:<br><b>Explication de la crise \u00e0 partir du Livre III du <em>Capital<\/em><\/b><\/a><\/li>\n<li class=\"page_item page-item-311 page_item_has_children\"><a href=\"https:\/\/www.cuem.info\/?page_id=311\">6\/11\/2014 &#8211; Roger KEERAN&nbsp;:<br><b>L\u2019histoire du Parti Communiste des USA et les Syndicats : L\u2019exemple des syndi\u00adcats de l\u2019automobile<\/b><\/a><\/li>\n<li class=\"page_item page-item-338 page_item_has_children\"><a href=\"https:\/\/www.cuem.info\/?page_id=338\">15\/1\/2015 &#8211; Aymeric MONVILLE et Mich\u00e8le BRAND&nbsp;:<br><b>Yougoslavie, Ukraine : L&rsquo;imp\u00e9rialisme contre les peuples<\/b><\/a><\/li>\n<li class=\"page_item page-item-358 page_item_has_children\"><a href=\"https:\/\/www.cuem.info\/?page_id=358\">5\/3\/2015 &#8211; Michel GRUSELLE&nbsp;:<br><b>Lecture critique de <em>Le Capital au XXI<sup>e<\/sup> si\u00e8cle<\/em> de Thomas Piketty<\/b><\/a><\/li>\n<li class=\"page_item page-item-375 page_item_has_children\"><a href=\"https:\/\/www.cuem.info\/?page_id=375\">9\/4\/2015 &#8211; Alain RUSCIO&nbsp;:<br><b>Le PCF et la question coloniale 1920-1962<\/b><\/a><\/li>\n<li class=\"page_item page-item-386 page_item_has_children\"><a href=\"https:\/\/www.cuem.info\/?page_id=386\">4\/6\/2015 &#8211; R\u00e9my HERRERA&nbsp;:<br><b>L\u2019Internationalisme Cubain : la r\u00e9volution au-del\u00e0 d&rsquo;elle-m\u00eame<\/b><\/a><\/li>\n<\/ul>\n","protected":false},"excerpt":{"rendered":"","protected":false},"author":2,"featured_media":0,"parent":58,"menu_order":20,"comment_status":"closed","ping_status":"closed","template":"","meta":[],"_links":{"self":[{"href":"https:\/\/www.cuem.info\/index.php?rest_route=\/wp\/v2\/pages\/266"}],"collection":[{"href":"https:\/\/www.cuem.info\/index.php?rest_route=\/wp\/v2\/pages"}],"about":[{"href":"https:\/\/www.cuem.info\/index.php?rest_route=\/wp\/v2\/types\/page"}],"author":[{"embeddable":true,"href":"https:\/\/www.cuem.info\/index.php?rest_route=\/wp\/v2\/users\/2"}],"replies":[{"embeddable":true,"href":"https:\/\/www.cuem.info\/index.php?rest_route=%2Fwp%2Fv2%2Fcomments&post=266"}],"version-history":[{"count":16,"href":"https:\/\/www.cuem.info\/index.php?rest_route=\/wp\/v2\/pages\/266\/revisions"}],"predecessor-version":[{"id":852,"href":"https:\/\/www.cuem.info\/index.php?rest_route=\/wp\/v2\/pages\/266\/revisions\/852"}],"up":[{"embeddable":true,"href":"https:\/\/www.cuem.info\/index.php?rest_route=\/wp\/v2\/pages\/58"}],"wp:attachment":[{"href":"https:\/\/www.cuem.info\/index.php?rest_route=%2Fwp%2Fv2%2Fmedia&parent=266"}],"curies":[{"name":"wp","href":"https:\/\/api.w.org\/{rel}","templated":true}]}}