{"id":206,"date":"2014-09-07T12:10:54","date_gmt":"2014-09-07T11:10:54","guid":{"rendered":"http:\/\/www.cuem.info\/?page_id=206"},"modified":"2020-03-02T10:14:22","modified_gmt":"2020-03-02T09:14:22","slug":"bienvenue","status":"publish","type":"page","link":"https:\/\/www.cuem.info\/?page_id=206","title":{"rendered":"BIENVENUE !"},"content":{"rendered":"<figure id=\"attachment_4\" aria-describedby=\"caption-attachment-4\" style=\"width: 225px\" class=\"wp-caption aligncenter\"><a href=\"http:\/\/www.cuem.info\/wp-content\/uploads\/2014\/06\/marx.jpg\"><img decoding=\"async\" loading=\"lazy\" class=\"size-medium wp-image-4\" src=\"http:\/\/www.cuem.info\/wp-content\/uploads\/2014\/06\/marx-225x300.jpg\" alt=\"&quot;Prol\u00e9taires de tous les pays, unissez-vous!&quot;\" width=\"225\" height=\"300\" srcset=\"https:\/\/www.cuem.info\/wp-content\/uploads\/2014\/06\/marx-225x300.jpg 225w, https:\/\/www.cuem.info\/wp-content\/uploads\/2014\/06\/marx-768x1024.jpg 768w, https:\/\/www.cuem.info\/wp-content\/uploads\/2014\/06\/marx.jpg 827w\" sizes=\"(max-width: 225px) 100vw, 225px\" \/><\/a><figcaption id=\"caption-attachment-4\" class=\"wp-caption-text\">\u00ab\u00a0Prol\u00e9taires de tous les pays, unissez-vous!\u00a0\u00bb<\/figcaption><\/figure>\n<p style=\"text-align: center;\">ACCUEIL ET MODE D&rsquo;EMPLOI DU SITE C.U.E.M.<\/p>\n<p>Le pr\u00e9sent site est organis\u00e9 selon les onglets figurant sur la barre en haut de l&rsquo;\u00e9cran.<\/p>\n<p>&#8211; \u00ab\u00a0<a href=\"http:\/\/www.cuem.info\/?page_id=71\" target=\"_blank\">\u00c0 propos<\/a>\u00a0\u00bb correspond \u00e0 la page de pr\u00e9sentation de notre association, le Cercle universitaire d\u2019\u00e9tudes marxistes, de ses activit\u00e9s et de ses buts\u00a0;<\/p>\n<p>&#8211; \u00ab\u00a0<a href=\"http:\/\/www.cuem.info\/?page_id=206\" target=\"_blank\">Bienvenue<\/a>\u00a0\u00bb est la page que vous \u00eates en train de lire\u00a0; vous pouvez y revenir pour consulter le mode d\u2019emploi du site\u00a0;<\/p>\n<p>&#8211; \u00ab\u00a0<a href=\"http:\/\/www.cuem.info\/?page_id=58\" target=\"_blank\">Conf\u00e9rences<\/a>\u00a0\u00bb, se d\u00e9pliant en plusieurs niveaux (selon l&rsquo;ann\u00e9e acad\u00e9mique et le nom et titre de la conf\u00e9rence), est l\u2019onglet par lequel vous pouvez acc\u00e9der d\u2019une part au calendrier des conf\u00e9rences \u00e0 venir, et d\u2019autre part aux documents relatifs \u00e0 chaque conf\u00e9rence pass\u00e9e\u00a0: un r\u00e9sum\u00e9, une vid\u00e9o et\/ou le texte complet\u00a0;<\/p>\n<p>&#8211; \u00ab\u00a0<a href=\"http:\/\/www.cuem.info\/?page_id=105\" target=\"_blank\">Critiques<\/a>\u00a0\u00bb accueille des contributions personnelles de membres du Cercle ou d\u2019auteurs invit\u00e9s, s\u2019exprimant sur les sujets qui apparaissent dans notre programme\u00a0;<\/p>\n<p>&#8211; \u00ab\u00a0<a href=\"http:\/\/www.cuem.info\/?page_id=199\" target=\"_blank\">Liens<\/a>\u00a0\u00bb est l\u2019onglet correspondant \u00e0 la page qui r\u00e9unit les liens internet des sites que le Cercle vous recommande\u00a0;<\/p>\n<p>&#8211; \u00ab\u00a0<a href=\"http:\/\/www.cuem.info\/?page_id=30\" target=\"_blank\">Ressources<\/a>\u00a0\u00bb est l\u2019onglet sous lequel sont class\u00e9es des conf\u00e9rences, articles et autres interventions d\u2019auteurs proches du Cercle ou que nous tenons \u00e0 faire conna\u00eetre \u00e0 notre public\u00a0;<\/p>\n<p>&#8211; enfin, en cliquant sur le symbole de la loupe &#128269; en haut \u00e0 droite, on peut effectuer des recherches au sein du site.<\/p>\n<p>Par d\u00e9faut (ou en cliquant sur le nom du site, \u00ab\u00a0<a href=\"http:\/\/www.cuem.info\/\" target=\"_blank\">Cercle universitaire d\u2019\u00e9tudes marxistes<\/a>\u00a0\u00bb qui figure \u00e0 la gauche de la barre en haut de l\u2019\u00e9cran), l\u2019internaute acc\u00e8de \u00e0 la page d\u2019actualit\u00e9s. Elle affiche en haut de page le dernier \u00e9crit publi\u00e9 par les soins du Cercle\u00a0: avis pour la tenue d\u2019une prochaine conf\u00e9rence, commentaires divers, propositions etc.<\/p>\n<p>Bonne navigation au sein du site C.U.E.M.\u00a0!<\/p>\n","protected":false},"excerpt":{"rendered":"<p>ACCUEIL ET MODE D&rsquo;EMPLOI DU SITE C.U.E.M. Le pr\u00e9sent site est organis\u00e9 selon les onglets figurant sur la barre en haut de l&rsquo;\u00e9cran. &#8211; \u00ab\u00a0\u00c0 propos\u00a0\u00bb correspond \u00e0 la page de pr\u00e9sentation de notre association, le Cercle universitaire d\u2019\u00e9tudes marxistes, de ses activit\u00e9s et de ses buts\u00a0; &#8211; \u00ab\u00a0Bienvenue\u00a0\u00bb est la page que vous \u00eates &hellip; <a href=\"https:\/\/www.cuem.info\/?page_id=206\" class=\"more-link\">Continuer la lecture de <span class=\"screen-reader-text\">BIENVENUE !<\/span>  <span class=\"meta-nav\">&rarr;<\/span><\/a><\/p>\n","protected":false},"author":2,"featured_media":0,"parent":0,"menu_order":0,"comment_status":"closed","ping_status":"closed","template":"","meta":[],"_links":{"self":[{"href":"https:\/\/www.cuem.info\/index.php?rest_route=\/wp\/v2\/pages\/206"}],"collection":[{"href":"https:\/\/www.cuem.info\/index.php?rest_route=\/wp\/v2\/pages"}],"about":[{"href":"https:\/\/www.cuem.info\/index.php?rest_route=\/wp\/v2\/types\/page"}],"author":[{"embeddable":true,"href":"https:\/\/www.cuem.info\/index.php?rest_route=\/wp\/v2\/users\/2"}],"replies":[{"embeddable":true,"href":"https:\/\/www.cuem.info\/index.php?rest_route=%2Fwp%2Fv2%2Fcomments&post=206"}],"version-history":[{"count":10,"href":"https:\/\/www.cuem.info\/index.php?rest_route=\/wp\/v2\/pages\/206\/revisions"}],"predecessor-version":[{"id":1085,"href":"https:\/\/www.cuem.info\/index.php?rest_route=\/wp\/v2\/pages\/206\/revisions\/1085"}],"wp:attachment":[{"href":"https:\/\/www.cuem.info\/index.php?rest_route=%2Fwp%2Fv2%2Fmedia&parent=206"}],"curies":[{"name":"wp","href":"https:\/\/api.w.org\/{rel}","templated":true}]}}