{"id":199,"date":"2014-09-03T09:58:24","date_gmt":"2014-09-03T08:58:24","guid":{"rendered":"http:\/\/www.cuem.info\/?page_id=199"},"modified":"2019-03-02T16:42:42","modified_gmt":"2019-03-02T15:42:42","slug":"liens-2","status":"publish","type":"page","link":"https:\/\/www.cuem.info\/?page_id=199","title":{"rendered":"Liens"},"content":{"rendered":"<h3>Nos partenaires :<\/h3>\n<pre><a title=\"Site internet des \u00e9ditions Delga\" href=\"http:\/\/editionsdelga.fr\/\" target=\"_blank\">\u00c9ditions Delga<\/a><\/pre>\n<pre><a title=\"Site du s\u00e9minaire Marx au XXIe si\u00e8cle\" href=\"http:\/\/seminaire-marx.univ-paris1.fr\" target=\"_blank\">S\u00e9minaire dirig\u00e9 par R\u00e9mi Herrera \"Marx au XXI<sup>e<\/sup> si\u00e8cle\"\r\n<\/a><\/pre>\n<pre><a title=\"Les Films de l'An 2\" href=\"https:\/\/lesfilmsdelan2.org\/philo%2C-eco%2C-hist%2C-pol\" target=\"_blank\">Les Films de l'An 2<\/a>, site h\u00e9bergeant les vid\u00e9os de nos conf\u00e9rences<\/pre>\n","protected":false},"excerpt":{"rendered":"<p>Nos partenaires : \u00c9ditions Delga S\u00e9minaire dirig\u00e9 par R\u00e9mi Herrera \u00ab\u00a0Marx au XXIe si\u00e8cle\u00a0\u00bb Les Films de l&rsquo;An 2, site h\u00e9bergeant les vid\u00e9os de nos conf\u00e9rences<\/p>\n","protected":false},"author":2,"featured_media":0,"parent":0,"menu_order":0,"comment_status":"closed","ping_status":"closed","template":"","meta":[],"_links":{"self":[{"href":"https:\/\/www.cuem.info\/index.php?rest_route=\/wp\/v2\/pages\/199"}],"collection":[{"href":"https:\/\/www.cuem.info\/index.php?rest_route=\/wp\/v2\/pages"}],"about":[{"href":"https:\/\/www.cuem.info\/index.php?rest_route=\/wp\/v2\/types\/page"}],"author":[{"embeddable":true,"href":"https:\/\/www.cuem.info\/index.php?rest_route=\/wp\/v2\/users\/2"}],"replies":[{"embeddable":true,"href":"https:\/\/www.cuem.info\/index.php?rest_route=%2Fwp%2Fv2%2Fcomments&post=199"}],"version-history":[{"count":12,"href":"https:\/\/www.cuem.info\/index.php?rest_route=\/wp\/v2\/pages\/199\/revisions"}],"predecessor-version":[{"id":970,"href":"https:\/\/www.cuem.info\/index.php?rest_route=\/wp\/v2\/pages\/199\/revisions\/970"}],"wp:attachment":[{"href":"https:\/\/www.cuem.info\/index.php?rest_route=%2Fwp%2Fv2%2Fmedia&parent=199"}],"curies":[{"name":"wp","href":"https:\/\/api.w.org\/{rel}","templated":true}]}}