{"id":170,"date":"2014-07-25T11:37:33","date_gmt":"2014-07-25T10:37:33","guid":{"rendered":"http:\/\/www.cuem.info\/?page_id=170"},"modified":"2014-07-25T11:37:33","modified_gmt":"2014-07-25T10:37:33","slug":"resume-en-francais","status":"publish","type":"page","link":"https:\/\/www.cuem.info\/?page_id=170","title":{"rendered":"R\u00e9sum\u00e9 en fran\u00e7ais"},"content":{"rendered":"<p><em>\u00a0 \u00a0 \u00a0 \u00a0 \u00a0 \u00a0 \u00a0 \u00a0 \u00a0 \u00a0\u00a0La crise ukrainienne, le projet euro asiatique et le grand \u00e9cart de Poutine<\/em><\/p>\n<p><em>\u00a0<\/em><\/p>\n<p>L\u2019Europe a organis\u00e9 \u00e0 Kiev en mars 2014 un authentique putsch \u00ab\u00a0euro-nazi\u00a0\u00bb. La rh\u00e9torique du clerg\u00e9 m\u00e9diatique occidental qui se gargarise de promesses de d\u00e9mocratie est purement et simplement mensong\u00e8re. Les puissances de la triade n\u2019ont promu la d\u00e9mocratie nulle part. Au contraire elles ont toujours soutenu les adversaires les plus acharn\u00e9s de la d\u00e9mocratie, fascistes inclus, rebaptis\u00e9s \u00ab\u00a0nationalistes\u00a0\u00bb. Dans l\u2019ex Yougoslavie les Europ\u00e9ens ont soutenu les nostalgiques du fascisme croate, r\u00e9 exp\u00e9di\u00e9s de leur exil canadien\u00a0; au Kossovo ils ont donn\u00e9 le pouvoir aux\u00a0 mafias de la drogue et de la prostitution\u00a0; dans les pays arabes ils continuent \u00e0 soutenir l\u2019Islam politique le plus r\u00e9actionnaire, lui-m\u00eame financ\u00e9 par les nouvelles r\u00e9publiques d\u00e9mocratiques que seraient devenus l\u2019Arabie S\u00e9oudite et le Qatar, \u00e0 en croire les boniments des m\u00e9dias occidentaux. L\u2019intervention militaire en Iraq et en Lybie a d\u00e9truit ces pays, sans y promouvoir la moindre promesse de d\u00e9mocratie. En Syrie le soutien militaire des puissances de la triade aux \u00ab\u00a0Islamistes\u00a0\u00bb, directement ou par R\u00e9publiques d\u00e9mocratiques d\u2019Arabie S\u00e9oudite et de Qatar interpos\u00e9es, ne promet rien de meilleur.<\/p>\n<p>&nbsp;<\/p>\n<p>En Ukraine la junte pro nazi parvient mal \u00e0 \u00e9tablir son pouvoir despotique. L\u2019obstacle auquel elle se heurte n\u2019est pas d\u2019une nature \u00ab\u00a0ethnique\u00a0\u00bb qui opposerait russophones et ukrainophones. Certes les fronti\u00e8res des r\u00e9publiques de l\u2019ex URSS avaient \u00e9t\u00e9 volontairement dessin\u00e9es par le pouvoir sovi\u00e9tique en donnant la part belle aux nationalit\u00e9s non russes, dans un esprit de rupture avec le chauvinisme grand russe. L\u2019exemple de la Crim\u00e9e, qui n\u2019avait jamais \u00e9t\u00e9 ukrainienne, en t\u00e9moigne. Le Donetz et Odessa n\u2019avaient non plus jamais \u00e9t\u00e9 \u00ab\u00a0ethniquement\u00a0\u00bb ukrainiens. Comme celles des r\u00e9publiques yougoslaves, ces fronti\u00e8res n\u2019avaient pas \u00e9t\u00e9 dessin\u00e9es pour devenir celles d\u2019Etats s\u00e9cessionnistes. Poutine n\u2019est probablement pas un h\u00e9ro des causes d\u00e9mocratiques, mais il ne fait ici que soutenir tous ceux qui en Ukraine refusent la colonisation euro allemande que Bruxelles entend imposer, comme elle l\u2019a fait en Europe orientale, en Gr\u00e8ce et \u00e0 Chypre. Et ce ne sont pas seulement les \u00ab\u00a0russophones\u00a0\u00bb d\u2019Ukraine qui pourraient refuser le projet des Europ\u00e9ens, m\u00eame si\u00a0 les pouvoirs despotiques exerc\u00e9s par la junte de Kiev ne permettent pas l\u2019expression de cette opposition au projet euro allemand.<\/p>\n<p>&nbsp;<\/p>\n<p>La Russie est \u00e0 la recherche d\u2019une place dans le syst\u00e8me mondial d\u2019aujourd\u2019hui et de demain. Et Poutine para\u00eet avoir fait sien le projet de construction d\u2019une vaste alliance\u00a0 des peuples de l\u2019ex URSS. Ce projet est d\u00e9sormais connu sous le nom d\u2019alliance des peuples \u00ab\u00a0euro asiatiques\u00a0\u00bb. Il ne s\u2019agit pas l\u00e0 d\u2019une invention artificielle r\u00e9cente. Dans un article que j\u2019\u00e9crivais en 1998 ( <em>La Russie dans le syst\u00e8me mondial\u00a0: g\u00e9ographie ou histoire\u00a0?<\/em>) je faisais observer que cette id\u00e9e r\u00e9pondait depuis des si\u00e8cles \u00e0 la recherche par la Russie de la d\u00e9finition de sa place dans le monde. Et je ne vois pas pourquoi on refuserait ce droit aux Russes et aux autres peuples de l\u2019ex URSS.<\/p>\n<p>&nbsp;<\/p>\n<p>Le combat engag\u00e9 par Moscou contre l\u2019ordre imp\u00e9rialiste, en Ukraine et ailleurs, ne sera victorieux que s\u2019il est soutenu avec fermet\u00e9 par les peuples concern\u00e9s. Ce soutien ne sera possible que si la Russie s\u2019affranchit du carcan n\u00e9o lib\u00e9ral, \u00e0 l\u2019origine ici comme ailleurs du d\u00e9sastre social. Poutine se livre jusqu\u2019ici \u00e0 un exercice p\u00e9rilleux de grand \u00e9cart, associant la poursuite de sa politique int\u00e9rieure n\u00e9o lib\u00e9rale d\u00e9sastreuse d\u2019une part, et d\u2019autre part la d\u00e9fense des int\u00e9r\u00eats l\u00e9gitimes d\u2019une Russie ind\u00e9pendante. Abandonner le n\u00e9o lib\u00e9ralisme et sortir de la mondialisation financi\u00e8re sont d\u00e9sormais n\u00e9cessaires et possibles. Des segments de la classe politique qui gouverne \u00e0 Moscou sont dispos\u00e9es \u00e0 se rallier \u00e0 un capitalisme d\u2019Etat, susceptible \u00e0 son tour d\u2019ouvrir la voie \u00e0 une \u00e9ventuelle avanc\u00e9e en direction de la socialisation d\u00e9mocratique de sa gestion. Mais si la fraction compradore des classes dirigeantes russes \u2013 b\u00e9n\u00e9ficiaires exclusifs du n\u00e9o lib\u00e9ralisme \u2013 venait \u00e0 l\u2019emporter, alors les \u00ab\u00a0sanctions\u00a0\u00bb dont l\u2019Europe menace la Russie pourraient porter leurs fruits\u00a0; les compradores sont toujours dispos\u00e9s \u00e0 capituler pour pr\u00e9server leur part du produit du pillage de leur pays. La Russie ne pourrait alors pas refuser sa colonisation par l\u2019imp\u00e9rialisme de la triade.<\/p>\n<p>&nbsp;<\/p>\n","protected":false},"excerpt":{"rendered":"<p>\u00a0 \u00a0 \u00a0 \u00a0 \u00a0 \u00a0 \u00a0 \u00a0 \u00a0 \u00a0\u00a0La crise ukrainienne, le projet euro asiatique et le grand \u00e9cart de Poutine \u00a0 L\u2019Europe a organis\u00e9 \u00e0 Kiev en mars 2014 un authentique putsch \u00ab\u00a0euro-nazi\u00a0\u00bb. La rh\u00e9torique du clerg\u00e9 m\u00e9diatique occidental qui se gargarise de promesses de d\u00e9mocratie est purement et simplement mensong\u00e8re. Les puissances &hellip; <a href=\"https:\/\/www.cuem.info\/?page_id=170\" class=\"more-link\">Continuer la lecture de <span class=\"screen-reader-text\">R\u00e9sum\u00e9 en fran\u00e7ais<\/span>  <span class=\"meta-nav\">&rarr;<\/span><\/a><\/p>\n","protected":false},"author":2,"featured_media":0,"parent":168,"menu_order":0,"comment_status":"closed","ping_status":"closed","template":"","meta":[],"_links":{"self":[{"href":"https:\/\/www.cuem.info\/index.php?rest_route=\/wp\/v2\/pages\/170"}],"collection":[{"href":"https:\/\/www.cuem.info\/index.php?rest_route=\/wp\/v2\/pages"}],"about":[{"href":"https:\/\/www.cuem.info\/index.php?rest_route=\/wp\/v2\/types\/page"}],"author":[{"embeddable":true,"href":"https:\/\/www.cuem.info\/index.php?rest_route=\/wp\/v2\/users\/2"}],"replies":[{"embeddable":true,"href":"https:\/\/www.cuem.info\/index.php?rest_route=%2Fwp%2Fv2%2Fcomments&post=170"}],"version-history":[{"count":1,"href":"https:\/\/www.cuem.info\/index.php?rest_route=\/wp\/v2\/pages\/170\/revisions"}],"predecessor-version":[{"id":171,"href":"https:\/\/www.cuem.info\/index.php?rest_route=\/wp\/v2\/pages\/170\/revisions\/171"}],"up":[{"embeddable":true,"href":"https:\/\/www.cuem.info\/index.php?rest_route=\/wp\/v2\/pages\/168"}],"wp:attachment":[{"href":"https:\/\/www.cuem.info\/index.php?rest_route=%2Fwp%2Fv2%2Fmedia&parent=170"}],"curies":[{"name":"wp","href":"https:\/\/api.w.org\/{rel}","templated":true}]}}