{"id":1488,"date":"2024-12-13T10:19:33","date_gmt":"2024-12-13T09:19:33","guid":{"rendered":"https:\/\/www.cuem.info\/?page_id=1488"},"modified":"2024-12-14T16:10:18","modified_gmt":"2024-12-14T15:10:18","slug":"12-12-2024-darmangeat","status":"publish","type":"page","link":"https:\/\/www.cuem.info\/?page_id=1488","title":{"rendered":"12\/12\/2024 &#8211; Christophe Darmangeat&nbsp;:<br><b>\u00ab&nbsp;Le plus redoutable missile qui ait \u00e9t\u00e9 lanc\u00e9 \u00e0 la t\u00eate de la bour&shy;geoisie&nbsp;\u00bb&nbsp;: retour sur l&rsquo;analyse marxiste et sa port\u00e9e politique<\/b>"},"content":{"rendered":"<div style=\"width: 474px;\" class=\"wp-video\"><!--[if lt IE 9]><script>document.createElement('video');<\/script><![endif]-->\n<video class=\"wp-video-shortcode\" id=\"video-1488-1\" width=\"474\" height=\"265\" preload=\"metadata\" controls=\"controls\"><source type=\"video\/mp4\" src=\"http:\/\/www.cuem.info\/wp-content\/uploads\/2024\/12\/20241212-CUEM.mp4?_=1\" \/><a href=\"http:\/\/www.cuem.info\/wp-content\/uploads\/2024\/12\/20241212-CUEM.mp4\">http:\/\/www.cuem.info\/wp-content\/uploads\/2024\/12\/20241212-CUEM.mp4<\/a><\/video><\/div>\n","protected":false},"excerpt":{"rendered":"","protected":false},"author":1,"featured_media":0,"parent":1475,"menu_order":30,"comment_status":"closed","ping_status":"closed","template":"","meta":[],"_links":{"self":[{"href":"https:\/\/www.cuem.info\/index.php?rest_route=\/wp\/v2\/pages\/1488"}],"collection":[{"href":"https:\/\/www.cuem.info\/index.php?rest_route=\/wp\/v2\/pages"}],"about":[{"href":"https:\/\/www.cuem.info\/index.php?rest_route=\/wp\/v2\/types\/page"}],"author":[{"embeddable":true,"href":"https:\/\/www.cuem.info\/index.php?rest_route=\/wp\/v2\/users\/1"}],"replies":[{"embeddable":true,"href":"https:\/\/www.cuem.info\/index.php?rest_route=%2Fwp%2Fv2%2Fcomments&post=1488"}],"version-history":[{"count":9,"href":"https:\/\/www.cuem.info\/index.php?rest_route=\/wp\/v2\/pages\/1488\/revisions"}],"predecessor-version":[{"id":1510,"href":"https:\/\/www.cuem.info\/index.php?rest_route=\/wp\/v2\/pages\/1488\/revisions\/1510"}],"up":[{"embeddable":true,"href":"https:\/\/www.cuem.info\/index.php?rest_route=\/wp\/v2\/pages\/1475"}],"wp:attachment":[{"href":"https:\/\/www.cuem.info\/index.php?rest_route=%2Fwp%2Fv2%2Fmedia&parent=1488"}],"curies":[{"name":"wp","href":"https:\/\/api.w.org\/{rel}","templated":true}]}}