{"id":1478,"date":"2024-10-13T14:08:03","date_gmt":"2024-10-13T13:08:03","guid":{"rendered":"https:\/\/www.cuem.info\/?page_id=1478"},"modified":"2024-10-13T14:38:48","modified_gmt":"2024-10-13T13:38:48","slug":"26-09-2024-a-propos-du-livre-le-piege-identitaire-de-daniel-bernabe-publie-aux-editions-lechappe-en-2022","status":"publish","type":"page","link":"https:\/\/www.cuem.info\/?page_id=1478","title":{"rendered":"26\/09\/2024 &#8211; Michel Gruselle&nbsp;:<br><b>\u00c0 propos du livre <em>Le Pi\u00e8ge identitaire<\/em> de Daniel Bernab\u00e9, publi\u00e9 aux \u00e9ditions L\u2019\u00e9chapp\u00e9 en 2022."},"content":{"rendered":"<p>Texte de la conf\u00e9rence : <a href=\"http:\/\/www.cuem.info\/wp-content\/uploads\/2024\/10\/20240926-CUEM.pdf\" target=\"_blank\" rel=\"noopener\">cliquer ici<\/a>.<\/p>\n","protected":false},"excerpt":{"rendered":"<p>Texte de la conf\u00e9rence : cliquer ici.<\/p>\n","protected":false},"author":1,"featured_media":0,"parent":1475,"menu_order":10,"comment_status":"closed","ping_status":"closed","template":"","meta":[],"_links":{"self":[{"href":"https:\/\/www.cuem.info\/index.php?rest_route=\/wp\/v2\/pages\/1478"}],"collection":[{"href":"https:\/\/www.cuem.info\/index.php?rest_route=\/wp\/v2\/pages"}],"about":[{"href":"https:\/\/www.cuem.info\/index.php?rest_route=\/wp\/v2\/types\/page"}],"author":[{"embeddable":true,"href":"https:\/\/www.cuem.info\/index.php?rest_route=\/wp\/v2\/users\/1"}],"replies":[{"embeddable":true,"href":"https:\/\/www.cuem.info\/index.php?rest_route=%2Fwp%2Fv2%2Fcomments&post=1478"}],"version-history":[{"count":6,"href":"https:\/\/www.cuem.info\/index.php?rest_route=\/wp\/v2\/pages\/1478\/revisions"}],"predecessor-version":[{"id":1485,"href":"https:\/\/www.cuem.info\/index.php?rest_route=\/wp\/v2\/pages\/1478\/revisions\/1485"}],"up":[{"embeddable":true,"href":"https:\/\/www.cuem.info\/index.php?rest_route=\/wp\/v2\/pages\/1475"}],"wp:attachment":[{"href":"https:\/\/www.cuem.info\/index.php?rest_route=%2Fwp%2Fv2%2Fmedia&parent=1478"}],"curies":[{"name":"wp","href":"https:\/\/api.w.org\/{rel}","templated":true}]}}