{"id":1475,"date":"2024-10-13T13:22:30","date_gmt":"2024-10-13T12:22:30","guid":{"rendered":"https:\/\/www.cuem.info\/?page_id=1475"},"modified":"2024-10-13T13:22:30","modified_gmt":"2024-10-13T12:22:30","slug":"conferences-2024-2025","status":"publish","type":"page","link":"https:\/\/www.cuem.info\/?page_id=1475","title":{"rendered":"Conf\u00e9rences 2024\/2025"},"content":{"rendered":"<p><span style=\"font-size: large;\"><span style=\"color: #000000;\"><i>Sorbonne Universit\u00e9 &#8211; <\/i><\/span><span style=\"color: #000000;\">campus Pierre et Marie Curie<\/span> <span style=\"color: #000000;\">4, place Jussieu, <\/span><span style=\"color: #000000;\">75005 Paris (m\u00e9tro Jussieu)<br \/>\n<\/span><span style=\"color: #000000;\">Tour <\/span><span style=\"color: #000000;\">32<\/span><span style=\"color: #000000;\">, couloir <\/span><span style=\"color: #000000;\">32<\/span><span style=\"color: #000000;\">\/<\/span><span style=\"color: #000000;\">42<\/span><span style=\"color: #000000;\">, <\/span><span style=\"color: #000000;\">1<\/span><span style=\"color: #000000;\"><sup>e<\/sup><\/span><span style=\"color: #000000;\"> \u00e9tage<\/span><span style=\"color: #000000;\">, salle 101.<br \/>\nLes jeudis \u00e0 18h30.<br \/>\n<\/span><\/span><\/p>\n<ul class=\"list-pages-shortcode child-pages\"><li class=\"page_item page-item-1478\"><a href=\"https:\/\/www.cuem.info\/?page_id=1478\">26\/09\/2024 &#8211; Michel Gruselle&nbsp;:<br><b>\u00c0 propos du livre <em>Le Pi\u00e8ge identitaire<\/em> de Daniel Bernab\u00e9, publi\u00e9 aux \u00e9ditions L\u2019\u00e9chapp\u00e9 en 2022.<\/a><\/li>\n<li class=\"page_item page-item-1473\"><a href=\"https:\/\/www.cuem.info\/?page_id=1473\">10\/10\/2024 &#8211; Niels Andersson&nbsp;:<br><b>Les guerres annonc\u00e9es&nbsp;: le capitalisme, c&rsquo;est la guerre II<\/b><\/a><\/li>\n<li class=\"page_item page-item-1496\"><a href=\"https:\/\/www.cuem.info\/?page_id=1496\">21\/11\/2014 &#8211; Oscar Guttierez&nbsp;:<br><b>Violence et accumulation du capital en Colombie<\/b><\/a><\/li>\n<li class=\"page_item page-item-1488\"><a href=\"https:\/\/www.cuem.info\/?page_id=1488\">12\/12\/2024 &#8211; Christophe Darmangeat&nbsp;:<br><b>\u00ab&nbsp;Le plus redoutable missile qui ait \u00e9t\u00e9 lanc\u00e9 \u00e0 la t\u00eate de la bour&shy;geoisie&nbsp;\u00bb&nbsp;: retour sur l&rsquo;analyse marxiste et sa port\u00e9e politique<\/b><\/a><\/li>\n<li class=\"page_item page-item-1501\"><a href=\"https:\/\/www.cuem.info\/?page_id=1501\">23\/01\/2025 &#8211; F\u00e9lix Treguier&nbsp;:<br><b>L\u2019IA. Peut-on pr\u00e9voir des transformations du capitalisme, des salari\u00e9s, de la conscience de classe&nbsp;?<\/b><\/a><\/li>\n<li class=\"page_item page-item-1518\"><a href=\"https:\/\/www.cuem.info\/?page_id=1518\">20\/03\/2025 &#8211; Laurent de Wangen&nbsp;:<br><b>Pr\u00e9sentation de <em>La question palestinienne (1897-2024)<\/em><\/b><\/a><\/li>\n<li class=\"page_item page-item-1505\"><a href=\"https:\/\/www.cuem.info\/?page_id=1505\">15\/05\/2025 &#8211; Mohammed Ali Zerouali&nbsp;:<br><b>Colonialisme au Sahara occidental&nbsp;; position de la France<\/b><\/a><\/li>\n<li class=\"page_item page-item-1507\"><a href=\"https:\/\/www.cuem.info\/?page_id=1507\">12\/06\/2025 &#8211; Patrick Babulesco&nbsp;:<br><b>Palestine&nbsp;: pour une analyse marxiste de la situation<\/b><\/a><\/li>\n<\/ul>\n","protected":false},"excerpt":{"rendered":"<p>Sorbonne Universit\u00e9 &#8211; campus Pierre et Marie Curie 4, place Jussieu, 75005 Paris (m\u00e9tro Jussieu) Tour 32, couloir 32\/42, 1e \u00e9tage, salle 101. Les jeudis \u00e0 18h30.<\/p>\n","protected":false},"author":1,"featured_media":0,"parent":58,"menu_order":90,"comment_status":"closed","ping_status":"closed","template":"","meta":[],"_links":{"self":[{"href":"https:\/\/www.cuem.info\/index.php?rest_route=\/wp\/v2\/pages\/1475"}],"collection":[{"href":"https:\/\/www.cuem.info\/index.php?rest_route=\/wp\/v2\/pages"}],"about":[{"href":"https:\/\/www.cuem.info\/index.php?rest_route=\/wp\/v2\/types\/page"}],"author":[{"embeddable":true,"href":"https:\/\/www.cuem.info\/index.php?rest_route=\/wp\/v2\/users\/1"}],"replies":[{"embeddable":true,"href":"https:\/\/www.cuem.info\/index.php?rest_route=%2Fwp%2Fv2%2Fcomments&post=1475"}],"version-history":[{"count":1,"href":"https:\/\/www.cuem.info\/index.php?rest_route=\/wp\/v2\/pages\/1475\/revisions"}],"predecessor-version":[{"id":1476,"href":"https:\/\/www.cuem.info\/index.php?rest_route=\/wp\/v2\/pages\/1475\/revisions\/1476"}],"up":[{"embeddable":true,"href":"https:\/\/www.cuem.info\/index.php?rest_route=\/wp\/v2\/pages\/58"}],"wp:attachment":[{"href":"https:\/\/www.cuem.info\/index.php?rest_route=%2Fwp%2Fv2%2Fmedia&parent=1475"}],"curies":[{"name":"wp","href":"https:\/\/api.w.org\/{rel}","templated":true}]}}