{"id":1333,"date":"2022-09-22T13:44:40","date_gmt":"2022-09-22T12:44:40","guid":{"rendered":"http:\/\/www.cuem.info\/?page_id=1333"},"modified":"2022-11-27T18:45:21","modified_gmt":"2022-11-27T17:45:21","slug":"29092021-gilles-ramstein-et-sylvestre-huetles-modeles-danalyse-du-climat","status":"publish","type":"page","link":"https:\/\/www.cuem.info\/?page_id=1333","title":{"rendered":"29\/09\/2022 &#8211; Gilles RAMSTEIN et Sylvestre HUET&nbsp;:<br><b>Les mod\u00e8les d\u2019analyse du climat<\/b>"},"content":{"rendered":"<p>La conf\u00e9rence n&rsquo;a pu \u00eatre enregistr\u00e9e, pour des raisons techniques. Vous trouverez ci-dessous les\u00a0documents que nous ont pr\u00e9sent\u00e9s les conf\u00e9renciers :<\/p>\n<ul>\n<li><a href=\"http:\/\/www.cuem.info\/wp-content\/uploads\/2022\/09\/Conf\u00e9rence-CUEM1-29-09-22.pdf\" rel=\"\">1990-2022 : 30 ans pour rien ? Le paradoxe climatique<\/a>.<\/li>\n<li><a href=\"http:\/\/www.cuem.info\/wp-content\/uploads\/2022\/09\/Conf\u00e9rence-CUEM2-29-09-22.pptx\" rel=\"\">L\u2019Anthropoc\u00e8ne, une transition in\u00e9dite<\/a>.<\/li>\n<\/ul>\n","protected":false},"excerpt":{"rendered":"<p>La conf\u00e9rence n&rsquo;a pu \u00eatre enregistr\u00e9e, pour des raisons techniques. Vous trouverez ci-dessous les\u00a0documents que nous ont pr\u00e9sent\u00e9s les conf\u00e9renciers : 1990-2022 : 30 ans pour rien ? Le paradoxe climatique. L\u2019Anthropoc\u00e8ne, une transition in\u00e9dite.<\/p>\n","protected":false},"author":1,"featured_media":0,"parent":1331,"menu_order":5,"comment_status":"closed","ping_status":"closed","template":"","meta":[],"_links":{"self":[{"href":"https:\/\/www.cuem.info\/index.php?rest_route=\/wp\/v2\/pages\/1333"}],"collection":[{"href":"https:\/\/www.cuem.info\/index.php?rest_route=\/wp\/v2\/pages"}],"about":[{"href":"https:\/\/www.cuem.info\/index.php?rest_route=\/wp\/v2\/types\/page"}],"author":[{"embeddable":true,"href":"https:\/\/www.cuem.info\/index.php?rest_route=\/wp\/v2\/users\/1"}],"replies":[{"embeddable":true,"href":"https:\/\/www.cuem.info\/index.php?rest_route=%2Fwp%2Fv2%2Fcomments&post=1333"}],"version-history":[{"count":5,"href":"https:\/\/www.cuem.info\/index.php?rest_route=\/wp\/v2\/pages\/1333\/revisions"}],"predecessor-version":[{"id":1375,"href":"https:\/\/www.cuem.info\/index.php?rest_route=\/wp\/v2\/pages\/1333\/revisions\/1375"}],"up":[{"embeddable":true,"href":"https:\/\/www.cuem.info\/index.php?rest_route=\/wp\/v2\/pages\/1331"}],"wp:attachment":[{"href":"https:\/\/www.cuem.info\/index.php?rest_route=%2Fwp%2Fv2%2Fmedia&parent=1333"}],"curies":[{"name":"wp","href":"https:\/\/api.w.org\/{rel}","templated":true}]}}