{"id":1331,"date":"2022-09-22T13:38:28","date_gmt":"2022-09-22T12:38:28","guid":{"rendered":"http:\/\/www.cuem.info\/?page_id=1331"},"modified":"2022-09-22T14:10:16","modified_gmt":"2022-09-22T13:10:16","slug":"conferences-20222023","status":"publish","type":"page","link":"https:\/\/www.cuem.info\/?page_id=1331","title":{"rendered":"Conf\u00e9rences 2022\/2023"},"content":{"rendered":"<p align=\"justify\"><b>Attention au changement de lieu\u00a0<\/b>: les conf\u00e9rences\u00a0sur le campus Pierre et Marie Curie (dit Jussieu) <i><b>Sorbonne Universit\u00e9<\/b><\/i>\u00a0(4, place Jussieu, 75005 Paris &#8211; m\u00e9tro Jussieu &#8211; <span style=\"color: #ff0000;\">tour 32, couloir 32-42, 1<sup>er<\/sup>\u00a0\u00e9tage, salle 101<\/span>, salle de r\u00e9union de l\u2019UFR de Chimie) <span style=\"color: #ff0000;\">les jeudis \u00e0 18h30<\/span> (sauf exception).<\/p>\n<p align=\"justify\"><a href=\"http:\/\/www.cuem.info\/wp-content\/uploads\/2022\/09\/Jussieu.jpg\" rel=\"attachment wp-att-1335\"><img decoding=\"async\" loading=\"lazy\" class=\"aligncenter size-full wp-image-1335\" src=\"http:\/\/www.cuem.info\/wp-content\/uploads\/2022\/09\/Jussieu.jpg\" alt=\"Jussieu\" width=\"1160\" height=\"1160\" srcset=\"https:\/\/www.cuem.info\/wp-content\/uploads\/2022\/09\/Jussieu.jpg 1160w, https:\/\/www.cuem.info\/wp-content\/uploads\/2022\/09\/Jussieu-150x150.jpg 150w, https:\/\/www.cuem.info\/wp-content\/uploads\/2022\/09\/Jussieu-300x300.jpg 300w, https:\/\/www.cuem.info\/wp-content\/uploads\/2022\/09\/Jussieu-768x768.jpg 768w, https:\/\/www.cuem.info\/wp-content\/uploads\/2022\/09\/Jussieu-1024x1024.jpg 1024w\" sizes=\"(max-width: 1160px) 100vw, 1160px\" \/><\/a><\/p>\n<ul class=\"list-pages-shortcode child-pages\"><li class=\"page_item page-item-1333\"><a href=\"https:\/\/www.cuem.info\/?page_id=1333\">29\/09\/2022 &#8211; Gilles RAMSTEIN et Sylvestre HUET&nbsp;:<br><b>Les mod\u00e8les d\u2019analyse du climat<\/b><\/a><\/li>\n<li class=\"page_item page-item-1338\"><a href=\"https:\/\/www.cuem.info\/?page_id=1338\">10\/11\/2022 &#8211; B. CHAUDRET&nbsp;:<br><b>Chimie et transferts de technologie<\/b><\/a><\/li>\n<li class=\"page_item page-item-1340\"><a href=\"https:\/\/www.cuem.info\/?page_id=1340\">08\/12\/2022 &#8211; Huges GASCAN&nbsp;:<br><b>Les biotechnologies, de la d\u00e9couverte aux m\u00e9dicaments<\/b><\/a><\/li>\n<li class=\"page_item page-item-1342\"><a href=\"https:\/\/www.cuem.info\/?page_id=1342\">15\/12\/2022 &#8211; Malika RAHAL&nbsp;:<br><b>Alg\u00e9rie 1962, une histoire populaire<\/b><\/a><\/li>\n<li class=\"page_item page-item-1344\"><a href=\"https:\/\/www.cuem.info\/?page_id=1344\">11\/01\/2023 (<font color=\"red\">attention : mercredi<\/font>) &#8211; J. P. PAGE, C. LIECHTI, M. GRUSELLE&nbsp;:<br><b>D\u00e9bat sur la CGT en collaboration avec le s\u00e9minaire <em>Marx XXI<sup>e<\/sup> si\u00e8cle, Sorbonne<\/em><\/b><\/a><\/li>\n<li class=\"page_item page-item-1348\"><a href=\"https:\/\/www.cuem.info\/?page_id=1348\">09\/02\/2023 &#8211; J. MORANDAT-GRUSELLE&nbsp;:<br><b>Lecture comment\u00e9e de <em>L\u2019imp\u00e9rialisme, stade supr\u00eame du capitalisme<\/em> de V. I. L\u00e9nine<\/b><\/a><\/li>\n<li class=\"page_item page-item-1350\"><a href=\"https:\/\/www.cuem.info\/?page_id=1350\">08\/03\/2023 &#8211; Alain BIHR&nbsp;:<br><b><em>Le premier \u00e2ge du capitalisme<\/em>, tomes 2 et 3, en collaboration avec le s\u00e9minaire <em>Marx XXI<sup>e<\/sup> si\u00e8cle, Sorbonne<\/em><\/b><\/a><\/li>\n<li class=\"page_item page-item-1359\"><a href=\"https:\/\/www.cuem.info\/?page_id=1359\">13\/04\/2023 &#8211; L. SANCHI, M. GRUSELLE&nbsp;:<br><b>Causes et cons\u00e9quences de la d\u00e9sin&shy;dus&shy;tria&shy;li&shy;sation en France, \u00e0 partir du livre <em>La France sous nos yeux<\/em> de J. Fourquet et J. L. Cassely<\/b><\/a><\/li>\n<li class=\"page_item page-item-1406\"><a href=\"https:\/\/www.cuem.info\/?page_id=1406\">16\/05\/2023 &#8211; SERGE HALIMI, PIERRE RIMBERT&nbsp;:<br><b>Les m\u00e9dias, avant-garde du parti de la guerre, \u00e0 partir des articles sur ce sujet dans <em>Le Monde Diplomatique<\/em><\/b><\/a><\/li>\n<li class=\"page_item page-item-1408\"><a href=\"https:\/\/www.cuem.info\/?page_id=1408\">08\/06\/2023 &#8211; ANTOINE VATAN&nbsp;:<br><b>La situation de la classe laborieuse en France, dans le processus de concentration des entreprises et de socialisation du travail au plan mondial.<\/b><\/a><\/li>\n<\/ul>\n<p>Nous attendons des r\u00e9ponses pour mai et juin.<\/p>\n<h3>Les s\u00e9ances suivantes sont repouss\u00e9es ou annul\u00e9es :<\/h3>\n<ul>\n<li>Le d\u00e9bat sur <em>L\u2019imp\u00e9rialisme et la Chine<\/em>\u00a0(suite \u00e0 la demande des participants \u00e0 la conf\u00e9rence <em>La Chine est-elle capitaliste\u00a0?<\/em>) est repouss\u00e9 \u00e0 la demande de R. Herrera.<\/li>\n<\/ul>\n","protected":false},"excerpt":{"rendered":"<p>Attention au changement de lieu\u00a0: les conf\u00e9rences\u00a0sur le campus Pierre et Marie Curie (dit Jussieu) Sorbonne Universit\u00e9\u00a0(4, place Jussieu, 75005 Paris &#8211; m\u00e9tro Jussieu &#8211; tour 32, couloir 32-42, 1er\u00a0\u00e9tage, salle 101, salle de r\u00e9union de l\u2019UFR de Chimie) les jeudis \u00e0 18h30 (sauf exception). Nous attendons des r\u00e9ponses pour mai et juin. Les s\u00e9ances &hellip; <a href=\"https:\/\/www.cuem.info\/?page_id=1331\" class=\"more-link\">Continuer la lecture de <span class=\"screen-reader-text\">Conf\u00e9rences 2022\/2023<\/span>  <span class=\"meta-nav\">&rarr;<\/span><\/a><\/p>\n","protected":false},"author":1,"featured_media":0,"parent":58,"menu_order":80,"comment_status":"closed","ping_status":"closed","template":"","meta":[],"_links":{"self":[{"href":"https:\/\/www.cuem.info\/index.php?rest_route=\/wp\/v2\/pages\/1331"}],"collection":[{"href":"https:\/\/www.cuem.info\/index.php?rest_route=\/wp\/v2\/pages"}],"about":[{"href":"https:\/\/www.cuem.info\/index.php?rest_route=\/wp\/v2\/types\/page"}],"author":[{"embeddable":true,"href":"https:\/\/www.cuem.info\/index.php?rest_route=\/wp\/v2\/users\/1"}],"replies":[{"embeddable":true,"href":"https:\/\/www.cuem.info\/index.php?rest_route=%2Fwp%2Fv2%2Fcomments&post=1331"}],"version-history":[{"count":6,"href":"https:\/\/www.cuem.info\/index.php?rest_route=\/wp\/v2\/pages\/1331\/revisions"}],"predecessor-version":[{"id":1364,"href":"https:\/\/www.cuem.info\/index.php?rest_route=\/wp\/v2\/pages\/1331\/revisions\/1364"}],"up":[{"embeddable":true,"href":"https:\/\/www.cuem.info\/index.php?rest_route=\/wp\/v2\/pages\/58"}],"wp:attachment":[{"href":"https:\/\/www.cuem.info\/index.php?rest_route=%2Fwp%2Fv2%2Fmedia&parent=1331"}],"curies":[{"name":"wp","href":"https:\/\/api.w.org\/{rel}","templated":true}]}}