{"id":1244,"date":"2021-09-24T10:44:59","date_gmt":"2021-09-24T09:44:59","guid":{"rendered":"http:\/\/www.cuem.info\/?page_id=1244"},"modified":"2021-10-26T09:30:49","modified_gmt":"2021-10-26T08:30:49","slug":"14102021-tambora-ibarruriindonesie-larchipel-du-genocide","status":"publish","type":"page","link":"https:\/\/www.cuem.info\/?page_id=1244","title":{"rendered":"14\/10\/2021 &#8211; Ibarruri AIDIT SUDHARSONO&nbsp;:<br><b>Indon\u00e9sie&nbsp;: l\u2019archipel du g\u00e9nocide<\/b>"},"content":{"rendered":"<p align=\"justify\">Pr\u00e9sentation du livre de G. B. Robinson.<\/p>\n<p>Contenu&nbsp;:<\/p>\n<ul>\n<li><a href=\"#name\">Voir la conf\u00e9rence<\/a> (vid\u00e9o)<\/li>\n<li><a href=\"http:\/\/www.cuem.info\/wp-content\/uploads\/2021\/09\/20211014-Tambora-Indonesie.pdf\" target=\"_blank\">Diaporama uniquement<\/a>\n<li><a href=\"#texte\">Texte de la conf\u00e9rence<\/a><\/li>\n<li><a href=\"http:\/\/www.cuem.info\/wp-content\/uploads\/2021\/09\/RanggaLawe-Affiches.pdf\" target=\"_blank\">Rangga Lawe, <em>Quand les affiches t\u00e9moignent des luttes contre l\u2019accaparement des terres en Indon\u00e9sie<\/a><\/em>.\n<\/ul>\n<h2 name=\"voir\">Voir la conf\u00e9rence<\/h2>\n<div style=\"width: 400px;\" class=\"wp-video\"><!--[if lt IE 9]><script>document.createElement('video');<\/script><![endif]-->\n<video class=\"wp-video-shortcode\" id=\"video-1244-1\" width=\"400\" height=\"360\" preload=\"metadata\" controls=\"controls\"><source type=\"video\/mp4\" src=\"http:\/\/www.cuem.info\/wp-content\/uploads\/2021\/10\/20211014-Tambora-Indonesie.mp4?_=1\" \/><a href=\"http:\/\/www.cuem.info\/wp-content\/uploads\/2021\/10\/20211014-Tambora-Indonesie.mp4\">http:\/\/www.cuem.info\/wp-content\/uploads\/2021\/10\/20211014-Tambora-Indonesie.mp4<\/a><\/video><\/div>\n<h2 name=\"texte\">Texte de la conf\u00e9rence<\/h2>\n<p class=\"retrait-de-premi\u00e8re-ligne\" style=\"text-align: justify;\">Au sujet de la situation actuelle de la lutte du peuple indon\u00e9sien, je voudrais \u00e9voquer 2 choses que je consid\u00e8re importantes\u00a0:<\/p>\n<ol>\n<li class=\"retrait-de-premi\u00e8re-ligne\" style=\"text-align: justify;\">O\u00f9 en est-on \u00e0 propos de la r\u00e9conciliation nationale\u00a0?<\/li>\n<li class=\"retrait-de-premi\u00e8re-ligne\" style=\"text-align: justify;\">La lutte des paysans indon\u00e9siens.<\/li>\n<\/ol>\n<p class=\"retrait-de-premi\u00e8re-ligne\" style=\"text-align: justify;\">Comme tous les ans, cette ann\u00e9e aussi, autour de la date du 30 septembre en Indon\u00e9sie, on parle beaucoup de PKI (Parti Communiste d\u2019Indon\u00e9sie), de l\u2019assassinat des 6 g\u00e9n\u00e9raux et d\u2019un capitaine. Le G\u00e9n\u00e9ral Gatot Nurmantyo, ancien Pangkostrad \u2013 Panglima Komando Cadngan Strategis Angkatan Darat, Chef du Commando de R\u00e9serves Strat\u00e9giques de l\u2019Arm\u00e9e de Terre (du 2 juin 2013 au 26 septembre 2014) a donn\u00e9 l\u2019ordre de regarder \u00e0 nouveau le film \u00ab\u00a0La Trahison du PKI, Mouvement G \u2013 30 &#8211; S\u00a0\u00bb, film de propagande de l\u2019\u00e9poque de Suharto, plein de mensonges et de sc\u00e8nes de cruaut\u00e9s, film obligatoire \u00e0 regarder pour les \u00e9coliers \u00e0 l\u2019\u00e9poque. Apr\u00e8s la Reformasi, ce film obligatoire a \u00e9t\u00e9 retir\u00e9. Mais, cette ann\u00e9e, pour que la nouvelle g\u00e9n\u00e9ration se souvienne de la p\u00e9riode noire de l\u2019histoire du pays, de soul\u00e8vement du PKI, ce film a \u00e9t\u00e9 de nouveau projet\u00e9 sur tous les \u00e9crans. Les autres g\u00e9n\u00e9raux disent que \u00ab\u00a0PKI est une organisation militante, les communistes sont militants, ils peuvent de nouveau se soulever, comme en 1955, apr\u00e8s avoir \u00e9t\u00e9 \u00e9cras\u00e9s en 1948, 7 ans apr\u00e8s, le PKI a pu devenir le 4<sup>e<\/sup> parti du pays lors des \u00e9lections du 1955, premi\u00e8res et seules \u00e9lections d\u00e9mocratiques.<\/p>\n<p class=\"retrait-de-premi\u00e8re-ligne\" style=\"text-align: justify;\">Mais que disent les sondages faits par Survei Nasional (l\u2019Agence de Surveillance Nationale) en septembre 2021 \u00a0?<\/p>\n<ol>\n<li class=\"retrait-de-premi\u00e8re-ligne\" style=\"text-align: justify;\">Plus de 80\u00a0% de la population ne pensent pas que la fondation id\u00e9ologique du pays doit \u00eatre bas\u00e9e sur une ou plusieurs religions, le pilier id\u00e9ologique de l\u2019\u00e9tat doit rester Pancasila (5 principes\u00a0) et la devise nationale &#8212; \u00ab\u00a0Unit\u00e9 dans la Diversit\u00e9\u00a0\u00bb. C\u2019est tr\u00e8s important pour l\u2019Indon\u00e9sie avec ses 17 000 \u00eeles, plus de 1 100 ethnies et plus de 700 langues locales \u00e0 garder dans \u00ab\u00a0Unit\u00e9 dans la Diversit\u00e9\u00a0\u00bb.<\/li>\n<li class=\"retrait-de-premi\u00e8re-ligne\" style=\"text-align: justify;\">Les 70\u00a0% des sond\u00e9s ne pensent pas que Jokowi est du PKI, ou bien est en liaison avec le PKI.<\/li>\n<li class=\"retrait-de-premi\u00e8re-ligne\" style=\"text-align: justify;\">D\u2019octobre 2016 \u00e0 septembre 2021, seules 16\u00a0% croient encore que le PKI est en train de se soulever (bangkit), et 84\u00a0% ne croient plus, ils ne pensent plus qui PKI est l\u2019ennemi n\u00b0 1 du pays.<\/li>\n<\/ol>\n<p class=\"retrait-de-premi\u00e8re-ligne\" style=\"text-align: justify;\">On voit ici, que les efforts de certains g\u00e9n\u00e9raux de l\u2019arm\u00e9e indon\u00e9sienne comme Gatot Nurmantyo qui disent que le PKI est encore un ennemi no 1 et qu\u2018il est en train de se soulever etc. \u2013 sont vains, m\u00eame la projection du film \u00ab\u00a0Trahison du PKI\u00a0\u00bb sur les cha\u00eenes de CSTV et TV One, ne convainc plus, au contraire, de plus en plus des gens, notamment les jeunes, pensent que jusqu\u2019alors, on leur a menti et d\u00e9sormais ils cherchent la v\u00e9rit\u00e9. La peur est en train de dispara\u00eetre, Gatot Nurmantyo peut crier de toutes de ses forces sur la cruaut\u00e9 des communistes, de moins en moins de gens l\u2019\u00e9coute, et encore moins le croit, notamment les jeunes Oui, \u2018L\u2019histoire se r\u00e9p\u00e8te, tout d\u2019abord comme une trag\u00e9die, apr\u00e8s comme une farce\u00a0\u00bb. (K. Marx)<\/p>\n<p class=\"retrait-de-premi\u00e8re-ligne\" style=\"text-align: justify;\">Comme a dit Staline\u00a0: \u00ab\u00a0Je sais, qu\u2019apr\u00e8s ma mort des monceaux d\u2019ordures seront vers\u00e9s sur ma tombe, mais le vent d\u2019Histoire les dispersera\u00a0\u00bb. Les voix commencent \u00e0 dire la v\u00e9rit\u00e9 malgr\u00e9 la douleur, d\u2019autres trouvent de plus en plus des faits qui contredisent \u00e0 la version officielle de l\u2019histoire, les chercheurs \u00e9crivent, comme Vanessa Hartman, Jess Melvin, Geoffrey Robinson qui a \u00e9crit \u00ab\u00a0<i>The Season of the Killing<\/i>\u00a0\u00bb (\u00ab\u00a0Archipel de g\u00e9nocide\u00a0\u00bb). Cette ann\u00e9e, pendant 2-3 semaines de la fin septembre dernier, beaucoup de discussions en ligne. Sont apparus divers manifestations et \u00e9v\u00e9nements \u00a0:<\/p>\n<p class=\"retrait-de-premi\u00e8re-ligne\">Museum Bergerak (Mus\u00e9e Ambulant) \u00e0 Yogyakarta, Komunitas Taman \u00ab\u00a065\u00a0\u00bb (Communaut\u00e9 du Jardin \u201865) \u00e0 Bali, Festival Belok Kiri (Festival \u00ab\u00a0Tourner \u00e0 Gauche), Jakarta. IPT (Le Tribunal International sur 65) \u00e0 La Haye, Pays-Bas en 2015. Les livres. Les films (Joshua Openheimer, <i>\u00ab\u00a0The Act of Killing\u00a0\u00bb<\/i> en 201\u00a03, . En 2016 il y avait une discussion \u00ab\u00a0Symposium \u201865\u00a0\u00bb o\u00f9 pour la premi\u00e8re fois l\u2019\u00c9tat a voulu \u00e9couter les anciens prisonniers politiques et chercher ensemble les chemins de la r\u00e9conciliation nationale. Malheureusement, \u00e7a aboutit \u00e0 un \u00e9chec.<\/p>\n<p class=\"retrait-de-premi\u00e8re-ligne\">Mais le Vent d\u2019Histoire continue \u00e0 souffler.<\/p>\n<p class=\"retrait-de-premi\u00e8re-ligne\">Jusqu\u2019\u00e0 ce jour, au moins 17 nouveaux partis politiques sont n\u00e9s, entre autres 3 de sensibilit\u00e9 \u00e0 gauche \u00e9taient cr\u00e9\u00e9s depuis 2020, comme Prima (Partai Rakyat Adil Makmur \u2013 Le Parti du Peuple pour la Justice, et le Prosp\u00e9rit\u00e9 cr\u00e9e le 27 mai 2020), Partai Hijau Indonesia (Le Parti Vert de l\u2019Indon\u00e9sie d\u00e9clar\u00e9 le 01\/06\/2021) et Partai Buruh avec Said Iqbal comme Pr\u00e9sident (Le Parti Ouvrier, d\u00e9clar\u00e9 le 05\/10\/2021).<\/p>\n","protected":false},"excerpt":{"rendered":"<p>Pr\u00e9sentation du livre de G. B. Robinson. Contenu&nbsp;: Voir la conf\u00e9rence (vid\u00e9o) Diaporama uniquement Texte de la conf\u00e9rence Rangga Lawe, Quand les affiches t\u00e9moignent des luttes contre l\u2019accaparement des terres en Indon\u00e9sie. Voir la conf\u00e9rence Texte de la conf\u00e9rence Au sujet de la situation actuelle de la lutte du peuple indon\u00e9sien, je voudrais \u00e9voquer 2 &hellip; <a href=\"https:\/\/www.cuem.info\/?page_id=1244\" class=\"more-link\">Continuer la lecture de <span class=\"screen-reader-text\">14\/10\/2021 &#8211; Ibarruri AIDIT SUDHARSONO&nbsp;:<br \/><b>Indon\u00e9sie&nbsp;: l\u2019archipel du g\u00e9nocide<\/b><\/span>  <span class=\"meta-nav\">&rarr;<\/span><\/a><\/p>\n","protected":false},"author":1,"featured_media":0,"parent":1239,"menu_order":20,"comment_status":"closed","ping_status":"closed","template":"","meta":[],"_links":{"self":[{"href":"https:\/\/www.cuem.info\/index.php?rest_route=\/wp\/v2\/pages\/1244"}],"collection":[{"href":"https:\/\/www.cuem.info\/index.php?rest_route=\/wp\/v2\/pages"}],"about":[{"href":"https:\/\/www.cuem.info\/index.php?rest_route=\/wp\/v2\/types\/page"}],"author":[{"embeddable":true,"href":"https:\/\/www.cuem.info\/index.php?rest_route=\/wp\/v2\/users\/1"}],"replies":[{"embeddable":true,"href":"https:\/\/www.cuem.info\/index.php?rest_route=%2Fwp%2Fv2%2Fcomments&post=1244"}],"version-history":[{"count":7,"href":"https:\/\/www.cuem.info\/index.php?rest_route=\/wp\/v2\/pages\/1244\/revisions"}],"predecessor-version":[{"id":1285,"href":"https:\/\/www.cuem.info\/index.php?rest_route=\/wp\/v2\/pages\/1244\/revisions\/1285"}],"up":[{"embeddable":true,"href":"https:\/\/www.cuem.info\/index.php?rest_route=\/wp\/v2\/pages\/1239"}],"wp:attachment":[{"href":"https:\/\/www.cuem.info\/index.php?rest_route=%2Fwp%2Fv2%2Fmedia&parent=1244"}],"curies":[{"name":"wp","href":"https:\/\/api.w.org\/{rel}","templated":true}]}}