{"id":1239,"date":"2021-09-24T10:37:19","date_gmt":"2021-09-24T09:37:19","guid":{"rendered":"http:\/\/www.cuem.info\/?page_id=1239"},"modified":"2022-09-22T14:09:02","modified_gmt":"2022-09-22T13:09:02","slug":"conferences-20212022","status":"publish","type":"page","link":"https:\/\/www.cuem.info\/?page_id=1239","title":{"rendered":"Conf\u00e9rences 2021\/2022"},"content":{"rendered":"<p align=\"justify\" style=\"font-weight: normal\"><b>Attention au changement de lieu\u00a0<\/b>: les conf\u00e9rences ont lieu sur le site de Jussieu de\u00a0<i>Sorbonne Universit\u00e9<\/i>\u00a0(4, place Jussieu, 75005 Paris &#8211; m\u00e9tro Jussieu &#8211; tour 66, couloir 66-65, 5<sup>e<\/sup>\u00a0\u00e9tage) les jeudis \u00e0 17h5 (sauf exception).<\/p>\n<ul class=\"list-pages-shortcode child-pages\"><li class=\"page_item page-item-1241\"><a href=\"https:\/\/www.cuem.info\/?page_id=1241\">30\/09\/2021 &#8211; Nils ANDERSSON&nbsp;:<br><b>Le capitalisme c\u2019est la guerre<\/b><\/a><\/li>\n<li class=\"page_item page-item-1244\"><a href=\"https:\/\/www.cuem.info\/?page_id=1244\">14\/10\/2021 &#8211; Ibarruri AIDIT SUDHARSONO&nbsp;:<br><b>Indon\u00e9sie&nbsp;: l\u2019archipel du g\u00e9nocide<\/b><\/a><\/li>\n<li class=\"page_item page-item-1246\"><a href=\"https:\/\/www.cuem.info\/?page_id=1246\">18\/11\/2021 &#8211; Aymeric MONVILLE&nbsp;:<br><b>La collaboration tactique entre Trotsky et les nazis<\/b><\/a><\/li>\n<li class=\"page_item page-item-1248\"><a href=\"https:\/\/www.cuem.info\/?page_id=1248\">16\/12\/2021 &#8211; Luigi SANCHI&nbsp;:<br><b>Lecture comment\u00e9e de <em>Salaires, prix, profits<\/em> de Karl Marx<\/b><\/a><\/li>\n<li class=\"page_item page-item-1255\"><a href=\"https:\/\/www.cuem.info\/?page_id=1255\">10\/03\/2022 &#8211; Aymeric MONVILLE et Michel GRUSELLE&nbsp;:<br><b>\u00c0 propos de <em>Dialectique de la nature<\/em> de Friedrich Engels<\/b><\/a><\/li>\n<li class=\"page_item page-item-1320\"><a href=\"https:\/\/www.cuem.info\/?page_id=1320\">19\/05\/2022 &#8211; Nils ANDERSSON&nbsp;:<br><b>Il n\u2019y a pas de bons imp\u00e9rialistes, il y a des imp\u00e9rialistes. Ukraine, une guerre imp\u00e9rialiste.<br>Le r\u00e9sistible engrenage vers la guerre.<\/b><\/a><\/li>\n<\/ul>\n<h3>Les s\u00e9ances suivantes doivent \u00eatre pr\u00e9cis\u00e9es et confirm\u00e9es :<\/h3>\n<ul style=\"font-weight: normal\">\n<li>Mushtaq ALI SHAN&nbsp;: <em>Pakistan\u00a0: une cl\u00e9 dans les affrontements imp\u00e9rialistes en Asie<\/em>. Conf\u00e9rence en anglais, la traduction sera assur\u00e9e par Jeremy Lees. <b>Nous ne savons pas encore si ce sera possible en juin<\/b>.<\/li>\n<li>Gilles RAMSTEIN et Sylvestre HUET&nbsp;: <em>Les mod\u00e8les d\u2019analyse du climat<\/em>. <b>Report\u00e9 au 29 septembre<\/b>.<\/li>\n<li>B. CHAUDRET&nbsp;: <em>Chimie et transferts de technologie<\/em>. <b>Report\u00e9 au 13 octobre.<\/b><\/li>\n<li>Hugues GASCAN&nbsp;: <em>Les biotechnologies, de la d\u00e9couverte aux m\u00e9dicaments<\/em>. <b>Report\u00e9 au jeudi 8 d\u00e9cembre<\/b>.\n<\/ul>\n<h3>Les s\u00e9ances suivantes sont repouss\u00e9es ou annul\u00e9es :<\/h3>\n<ul style=\"font-weight: normal\">\n<li>Le d\u00e9bat sur <em>L&rsquo;Imp\u00e9rialisme et la Chine<\/em> (suite \u00e0 la demande des participants \u00e0 la conf\u00e9rence <em>La Chine est-elle capitaliste&nbsp;?<\/em>). <b>Repouss\u00e9 \u00e0 la demande de R. HERRERA.<\/b><\/li>\n<li>Alain BIRH&nbsp;: <em>Le premier \u00e2ge du capitalisme, Tomes 2 et 3.<\/em> en colaboration avec le s\u00e9minaire <em>Marx XXI<sup>e<\/sup> si\u00e8cle<\/em>, Sorbonne. <b>Supprim\u00e9.<\/b><\/li>\n<\/ul>\n","protected":false},"excerpt":{"rendered":"<p>Attention au changement de lieu\u00a0: les conf\u00e9rences ont lieu sur le site de Jussieu de\u00a0Sorbonne Universit\u00e9\u00a0(4, place Jussieu, 75005 Paris &#8211; m\u00e9tro Jussieu &#8211; tour 66, couloir 66-65, 5e\u00a0\u00e9tage) les jeudis \u00e0 17h5 (sauf exception). Les s\u00e9ances suivantes doivent \u00eatre pr\u00e9cis\u00e9es et confirm\u00e9es : Mushtaq ALI SHAN&nbsp;: Pakistan\u00a0: une cl\u00e9 dans les affrontements imp\u00e9rialistes en &hellip; <a href=\"https:\/\/www.cuem.info\/?page_id=1239\" class=\"more-link\">Continuer la lecture de <span class=\"screen-reader-text\">Conf\u00e9rences 2021\/2022<\/span>  <span class=\"meta-nav\">&rarr;<\/span><\/a><\/p>\n","protected":false},"author":1,"featured_media":0,"parent":58,"menu_order":80,"comment_status":"closed","ping_status":"closed","template":"","meta":[],"_links":{"self":[{"href":"https:\/\/www.cuem.info\/index.php?rest_route=\/wp\/v2\/pages\/1239"}],"collection":[{"href":"https:\/\/www.cuem.info\/index.php?rest_route=\/wp\/v2\/pages"}],"about":[{"href":"https:\/\/www.cuem.info\/index.php?rest_route=\/wp\/v2\/types\/page"}],"author":[{"embeddable":true,"href":"https:\/\/www.cuem.info\/index.php?rest_route=\/wp\/v2\/users\/1"}],"replies":[{"embeddable":true,"href":"https:\/\/www.cuem.info\/index.php?rest_route=%2Fwp%2Fv2%2Fcomments&post=1239"}],"version-history":[{"count":10,"href":"https:\/\/www.cuem.info\/index.php?rest_route=\/wp\/v2\/pages\/1239\/revisions"}],"predecessor-version":[{"id":1363,"href":"https:\/\/www.cuem.info\/index.php?rest_route=\/wp\/v2\/pages\/1239\/revisions\/1363"}],"up":[{"embeddable":true,"href":"https:\/\/www.cuem.info\/index.php?rest_route=\/wp\/v2\/pages\/58"}],"wp:attachment":[{"href":"https:\/\/www.cuem.info\/index.php?rest_route=%2Fwp%2Fv2%2Fmedia&parent=1239"}],"curies":[{"name":"wp","href":"https:\/\/api.w.org\/{rel}","templated":true}]}}