{"id":1217,"date":"2021-03-27T13:15:05","date_gmt":"2021-03-27T12:15:05","guid":{"rendered":"http:\/\/www.cuem.info\/?page_id=1217"},"modified":"2021-03-27T13:15:05","modified_gmt":"2021-03-27T12:15:05","slug":"brochures-du-cuem","status":"publish","type":"page","link":"https:\/\/www.cuem.info\/?page_id=1217","title":{"rendered":"Brochures du CUEM"},"content":{"rendered":"<p align=\"justify\">N\u00b01 Michel Gruselle<br \/>\nLecture critique de l\u2019ouvrage de Thomas Piketty\u00a0: \u00ab\u00a0Le capital au XXI<sup>e<\/sup> si\u00e8cle\u00a0\u00bb<\/p>\n<p align=\"justify\">N\u00b02 Luigi Alberto Sanchi<br \/>\nEmpire romain et lutte des classes<\/p>\n<p align=\"justify\">N\u00b03 Colloque Renault<br \/>\nRenault\u00a0: forteresse ouvri\u00e8re ou haut lieu de la lutte des classes<\/p>\n<p align=\"justify\">N\u00b04 Tancr\u00e8de Motta<br \/>\nL\u2019\u00e9nergie, m\u00e8re de tous les conflits<\/p>\n<p align=\"justify\">N\u00b05 Michel Gruselle<br \/>\nL\u00e9nine\u00a0: les th\u00e8ses d\u2019avril<\/p>\n<p align=\"justify\">N\u00b06 Lilian Truchon<br \/>\nL\u00e9nine philosophe\u00a0: l\u2019enjeu du mat\u00e9rialisme<\/p>\n<p align=\"justify\">N\u00b07 Michel Gruselle<br \/>\nLa d\u00e9faite de l\u2019URSS, le devenir des communistes russes<\/p>\n<p align=\"justify\">N\u00b08 Beno\u00eet Quennedey<br \/>\nSocialisme, r\u00e9unification, nucl\u00e9aire, les enjeux de la question cor\u00e9enne<\/p>\n<p align=\"justify\">N\u00b09 Jeannine Gruselle-Morandat, Michel Gruselle<br \/>\nK. Marx, F. Engels\u00a0: Militants et dirigeants r\u00e9volutionnaires communistes<\/p>\n<p align=\"justify\">N\u00b010 Michel Pierre, Gilles Hellier<br \/>\nL\u2019impact de la recherche sur l\u2019industrie pharmaceutique<\/p>\n<p align=\"justify\">N\u00b011 Michel Gruselle, Kamel B.<br \/>\nAlg\u00e9rie\u00a0: une r\u00e9volte qui vient de loin<\/p>\n<p align=\"justify\">N\u00b012 Luigi Alberto Sanchi, Michel Gruselle<br \/>\nL\u2019internationale communiste, les 21 conditions<\/p>\n<p align=\"justify\">N\u00b013 Luigi Alberto Sanchi<br \/>\n\u00c0 travers les textes de Gramsci<\/p>\n<p align=\"justify\">N\u00b014 Jean Michel Toulouse<br \/>\nLa d\u00e9mocratie directe est-elle possible\u00a0?<\/p>\n<p align=\"justify\">N\u00b015 Patrick Theuret<br \/>\nAbolition ou d\u00e9passement du capitalisme\u00a0?<\/p>\n<p align=\"justify\">N\u00b016 Mich\u00e8le Decaster et Jean-Claude Rabeherifara, de l\u2019AFASPA<br \/>\nLes imp\u00e9rialismes dans l\u2019Afrique d\u2019aujourd\u2019hui<\/p>\n<p align=\"justify\">N\u00b017 Bruno Drweski<br \/>\nLa Bi\u00e9lorussie post-sovi\u00e9tique<\/p>\n<p>&nbsp;<\/p>\n","protected":false},"excerpt":{"rendered":"<p>N\u00b01 Michel Gruselle Lecture critique de l\u2019ouvrage de Thomas Piketty\u00a0: \u00ab\u00a0Le capital au XXIe si\u00e8cle\u00a0\u00bb N\u00b02 Luigi Alberto Sanchi Empire romain et lutte des classes N\u00b03 Colloque Renault Renault\u00a0: forteresse ouvri\u00e8re ou haut lieu de la lutte des classes N\u00b04 Tancr\u00e8de Motta L\u2019\u00e9nergie, m\u00e8re de tous les conflits N\u00b05 Michel Gruselle L\u00e9nine\u00a0: les th\u00e8ses d\u2019avril &hellip; <a href=\"https:\/\/www.cuem.info\/?page_id=1217\" class=\"more-link\">Continuer la lecture de <span class=\"screen-reader-text\">Brochures du CUEM<\/span>  <span class=\"meta-nav\">&rarr;<\/span><\/a><\/p>\n","protected":false},"author":1,"featured_media":0,"parent":0,"menu_order":0,"comment_status":"closed","ping_status":"closed","template":"","meta":[],"_links":{"self":[{"href":"https:\/\/www.cuem.info\/index.php?rest_route=\/wp\/v2\/pages\/1217"}],"collection":[{"href":"https:\/\/www.cuem.info\/index.php?rest_route=\/wp\/v2\/pages"}],"about":[{"href":"https:\/\/www.cuem.info\/index.php?rest_route=\/wp\/v2\/types\/page"}],"author":[{"embeddable":true,"href":"https:\/\/www.cuem.info\/index.php?rest_route=\/wp\/v2\/users\/1"}],"replies":[{"embeddable":true,"href":"https:\/\/www.cuem.info\/index.php?rest_route=%2Fwp%2Fv2%2Fcomments&post=1217"}],"version-history":[{"count":1,"href":"https:\/\/www.cuem.info\/index.php?rest_route=\/wp\/v2\/pages\/1217\/revisions"}],"predecessor-version":[{"id":1218,"href":"https:\/\/www.cuem.info\/index.php?rest_route=\/wp\/v2\/pages\/1217\/revisions\/1218"}],"wp:attachment":[{"href":"https:\/\/www.cuem.info\/index.php?rest_route=%2Fwp%2Fv2%2Fmedia&parent=1217"}],"curies":[{"name":"wp","href":"https:\/\/api.w.org\/{rel}","templated":true}]}}