{"id":1173,"date":"2020-11-27T14:40:52","date_gmt":"2020-11-27T13:40:52","guid":{"rendered":"http:\/\/www.cuem.info\/?page_id=1173"},"modified":"2020-11-27T14:43:14","modified_gmt":"2020-11-27T13:43:14","slug":"26112020-conference-test-aymeric-monvillesur-lhistoriographie-de-la-periode-stalinienne","status":"publish","type":"page","link":"https:\/\/www.cuem.info\/?page_id=1173","title":{"rendered":"26\/11\/2020 &#8211; Conf\u00e9rence-test : Aymeric MONVILLE&nbsp;:<br><b>Sur l&rsquo;historiographie de la p\u00e9riode stalinienne<\/b>"},"content":{"rendered":"<p>Cette conf\u00e9rence, impr\u00e9vue, s&rsquo;est tenue sur Zoom \u00e0 la place de la conf\u00e9rence (report\u00e9e) de Bernard JAMET, pour tester le maintien des conf\u00e9rences \u00e0 venir sur Zoom, selon que de besoin.<\/p>\n<p><iframe loading=\"lazy\" width=\"560\" height=\"315\" src=\"https:\/\/www.youtube.com\/embed\/eIPoCEeLWX0\" frameborder=\"0\" allow=\"accelerometer; autoplay; clipboard-write; encrypted-media; gyroscope; picture-in-picture\" allowfullscreen><\/iframe><\/p>\n","protected":false},"excerpt":{"rendered":"<p>Cette conf\u00e9rence, impr\u00e9vue, s&rsquo;est tenue sur Zoom \u00e0 la place de la conf\u00e9rence (report\u00e9e) de Bernard JAMET, pour tester le maintien des conf\u00e9rences \u00e0 venir sur Zoom, selon que de besoin.<\/p>\n","protected":false},"author":1,"featured_media":0,"parent":1130,"menu_order":35,"comment_status":"closed","ping_status":"closed","template":"","meta":[],"_links":{"self":[{"href":"https:\/\/www.cuem.info\/index.php?rest_route=\/wp\/v2\/pages\/1173"}],"collection":[{"href":"https:\/\/www.cuem.info\/index.php?rest_route=\/wp\/v2\/pages"}],"about":[{"href":"https:\/\/www.cuem.info\/index.php?rest_route=\/wp\/v2\/types\/page"}],"author":[{"embeddable":true,"href":"https:\/\/www.cuem.info\/index.php?rest_route=\/wp\/v2\/users\/1"}],"replies":[{"embeddable":true,"href":"https:\/\/www.cuem.info\/index.php?rest_route=%2Fwp%2Fv2%2Fcomments&post=1173"}],"version-history":[{"count":1,"href":"https:\/\/www.cuem.info\/index.php?rest_route=\/wp\/v2\/pages\/1173\/revisions"}],"predecessor-version":[{"id":1174,"href":"https:\/\/www.cuem.info\/index.php?rest_route=\/wp\/v2\/pages\/1173\/revisions\/1174"}],"up":[{"embeddable":true,"href":"https:\/\/www.cuem.info\/index.php?rest_route=\/wp\/v2\/pages\/1130"}],"wp:attachment":[{"href":"https:\/\/www.cuem.info\/index.php?rest_route=%2Fwp%2Fv2%2Fmedia&parent=1173"}],"curies":[{"name":"wp","href":"https:\/\/api.w.org\/{rel}","templated":true}]}}