{"id":1156,"date":"2020-10-01T14:47:49","date_gmt":"2020-10-01T13:47:49","guid":{"rendered":"http:\/\/www.cuem.info\/?page_id=1156"},"modified":"2020-12-01T14:35:45","modified_gmt":"2020-12-01T13:35:45","slug":"13012021-alain-bihrle-premier-age-du-capitalisme","status":"publish","type":"page","link":"https:\/\/www.cuem.info\/?page_id=1156","title":{"rendered":"<s>13\/01\/2021<\/s> &#8211; <span style=\"color: red\"><strong>Report de la conf\u00e9rence<\/strong><\/span> Alain Bihr&nbsp;:<br><b>Le premier \u00e2ge du capitalisme<\/b><br>Ce s\u00e9minaire sera commun au CUEM et \u00e0 Marx au XXI<sup>e<\/sup> si\u00e8cle. Il aura lieu \u00e0 la Sorbonne, amphi. Oury, entr\u00e9e par le 1, rue Victor Cousin, 75005."},"content":{"rendered":"<p>Contenus \u00e0 venir.<\/p>\n","protected":false},"excerpt":{"rendered":"<p>Contenus \u00e0 venir.<\/p>\n","protected":false},"author":1,"featured_media":0,"parent":1130,"menu_order":45,"comment_status":"closed","ping_status":"closed","template":"","meta":[],"_links":{"self":[{"href":"https:\/\/www.cuem.info\/index.php?rest_route=\/wp\/v2\/pages\/1156"}],"collection":[{"href":"https:\/\/www.cuem.info\/index.php?rest_route=\/wp\/v2\/pages"}],"about":[{"href":"https:\/\/www.cuem.info\/index.php?rest_route=\/wp\/v2\/types\/page"}],"author":[{"embeddable":true,"href":"https:\/\/www.cuem.info\/index.php?rest_route=\/wp\/v2\/users\/1"}],"replies":[{"embeddable":true,"href":"https:\/\/www.cuem.info\/index.php?rest_route=%2Fwp%2Fv2%2Fcomments&post=1156"}],"version-history":[{"count":5,"href":"https:\/\/www.cuem.info\/index.php?rest_route=\/wp\/v2\/pages\/1156\/revisions"}],"predecessor-version":[{"id":1181,"href":"https:\/\/www.cuem.info\/index.php?rest_route=\/wp\/v2\/pages\/1156\/revisions\/1181"}],"up":[{"embeddable":true,"href":"https:\/\/www.cuem.info\/index.php?rest_route=\/wp\/v2\/pages\/1130"}],"wp:attachment":[{"href":"https:\/\/www.cuem.info\/index.php?rest_route=%2Fwp%2Fv2%2Fmedia&parent=1156"}],"curies":[{"name":"wp","href":"https:\/\/api.w.org\/{rel}","templated":true}]}}