{"id":1137,"date":"2020-09-21T17:38:20","date_gmt":"2020-09-21T16:38:20","guid":{"rendered":"http:\/\/www.cuem.info\/?page_id=1137"},"modified":"2020-12-14T15:33:43","modified_gmt":"2020-12-14T14:33:43","slug":"10122020-alain-rusciole-pcf-naissant-et-la-question-coloniale-la-guerre-du-rif","status":"publish","type":"page","link":"https:\/\/www.cuem.info\/?page_id=1137","title":{"rendered":"10\/12\/2020 &#8211; <span style=\"color: red; font-weight: bold\">Visioconf\u00e9rence<\/span> Alain RUSCIO&nbsp;:<br><b>Le PCF naissant et la question coloniale : la guerre du Rif<\/b>"},"content":{"rendered":"<p style=\"border: solid 1px black; padding: 5px;\">Nous nous excusons de ne pouvoir fournir un enregistrement vid\u00e9o de la conf\u00e9rence du fait de probl\u00e8mes de connexion durant la s\u00e9ance Zoom.<\/p>\n<style>ol {\n\t\tcounter-reset: item;\n \t}\n \tli {\n \t \t display: block\n \t}\n \tli::before {\n\t\tcounter-increment: item;\n \t \t content: counters(item, \".\") \" \";\n \t}\n<\/style>\n<h3>Contenu :<\/h3>\n<ol>\n<li><a href=\"http:\/\/www.cuem.info\/wp-content\/uploads\/2020\/12\/20201210-Alain-Ruscio-Le-PCF-naissant.pdf\" target=\"_blank\">R\u00e9sum\u00e9 de l&rsquo;intervention d&rsquo;Alain Ruscio<\/a>.<br \/>&nbsp;<\/li>\n<li>Contribution de K.B.<br \/>&nbsp;\n<ol>\n<li><span style=\"font-family: 'Times New Roman', serif;\"><span style=\"font-size: medium;\">Vid\u00e9o <a href=\"https:\/\/www.youtube.com\/watch?v=RVXqFklDkBQ&amp;feature=youtu.be\">Conf\u00e9rence Galissot<\/a><\/span><\/span><\/li>\n<li><span style=\"font-family: 'Times New Roman', serif;\"><span style=\"font-size: medium;\">Vid\u00e9o <a href=\"https:\/\/youtu.be\/keuyAqIaHjM\">Po\u00e8me hommage par Nizar Kabbani<\/a><\/span><\/span><\/li>\n<li><span style=\"font-family: 'Times New Roman', serif;\"><span style=\"font-size: medium;\">Vid\u00e9o <a href=\"https:\/\/www.youtube.com\/watch?v=nDwQz3jmzeo&amp;feature=youtu.be\">\u00c9mission TV \u00c9gypte<\/a> (\u00e9vocation de la rencontre Khettabi et Guevara)<\/span><\/span><\/li>\n<li><span style=\"font-family: 'Times New Roman', serif;\"><span style=\"font-size: medium;\"><a href=\"https:\/\/gallica.bnf.fr\/ark:\/12148\/bpt6k3331709k\">Abd el-Krim et la R\u00e9publique du Rif <\/a>: actes du Colloque international d&rsquo;\u00e9tudes historiques et sociologiques, [Paris], 18-20 janvier 1973 \u2013 1976, \u00c9ditions Masp\u00e9ro.<\/span><\/span><\/li>\n<li><span style=\"font-family: 'Times New Roman', serif;\"><span style=\"font-size: medium;\">LACHERAF, Mostefa . <i>Des noms et des lieux. M\u00e9moires d\u2019une Alg\u00e9rie oubli\u00e9e, souvenirs d\u2019enfance et de jeunesse<\/i>. Casbah \u00e9ditions, Alger, 1998.<\/span><\/span><\/li>\n<li><span style=\"font-family: 'Times New Roman', serif;\"><span style=\"font-family: 'Times New Roman', serif;\"><span style=\"font-size: medium;\">Ren\u00e9 Gallissot, <i><a href=\"https:\/\/www.humanite.fr\/node\/305986\">1919 \u2013 1926\u00a0: La guerre du Rif<\/a>.<\/i> Entretien r\u00e9alis\u00e9 par Lucien Degoy, L\u2019Humanit\u00e9, 22 mai 2004.<\/span><\/span><\/span><br \/>&nbsp;<\/li>\n<\/ol>\n<\/li>\n<li>Ouvrages d&rsquo;Alain Ruscio :<br \/>&nbsp;\n<ol>\n<li><em><a href=\"http:\/\/www.cuem.info\/wp-content\/uploads\/2020\/12\/Russio-Caricatures-Cercle-dArt.pdf\">Quand les civilisateurs croquaient les indig\u00e8nes.\u00a0 Dessins et caricatures du temps des colonies<\/a>.<\/em><\/li>\n<li><em><a href=\"http:\/\/www.cuem.info\/wp-content\/uploads\/2020\/12\/Russio.-Racines-coloniales-racisme-copie.jpg\">Des racines coloniales du racisme \u00ab \u00e0 la fran\u00e7aise \u00bb. Petit dictionnaire des insultes racistes<\/a>.<\/em><\/li>\n<li><em><a href=\"http:\/\/www.cuem.info\/wp-content\/uploads\/2020\/12\/Russio.-HO-CHI-MINH-2019-Couverture.pdf\">Ho Chi Minh. \u00c9crits et Combats<\/a>.<\/em><\/li>\n<\/ol>\n<\/li>\n<\/ol>\n","protected":false},"excerpt":{"rendered":"<p>Nous nous excusons de ne pouvoir fournir un enregistrement vid\u00e9o de la conf\u00e9rence du fait de probl\u00e8mes de connexion durant la s\u00e9ance Zoom. Contenu : R\u00e9sum\u00e9 de l&rsquo;intervention d&rsquo;Alain Ruscio.&nbsp; Contribution de K.B.&nbsp; Vid\u00e9o Conf\u00e9rence Galissot Vid\u00e9o Po\u00e8me hommage par Nizar Kabbani Vid\u00e9o \u00c9mission TV \u00c9gypte (\u00e9vocation de la rencontre Khettabi et Guevara) Abd el-Krim &hellip; <a href=\"https:\/\/www.cuem.info\/?page_id=1137\" class=\"more-link\">Continuer la lecture de <span class=\"screen-reader-text\">10\/12\/2020 &#8211; <span style=\"color: red; font-weight: bold\">Visioconf\u00e9rence<\/span> Alain RUSCIO&nbsp;:<br \/><b>Le PCF naissant et la question coloniale : la guerre du Rif<\/b><\/span>  <span class=\"meta-nav\">&rarr;<\/span><\/a><\/p>\n","protected":false},"author":1,"featured_media":0,"parent":1130,"menu_order":40,"comment_status":"closed","ping_status":"closed","template":"","meta":[],"_links":{"self":[{"href":"https:\/\/www.cuem.info\/index.php?rest_route=\/wp\/v2\/pages\/1137"}],"collection":[{"href":"https:\/\/www.cuem.info\/index.php?rest_route=\/wp\/v2\/pages"}],"about":[{"href":"https:\/\/www.cuem.info\/index.php?rest_route=\/wp\/v2\/types\/page"}],"author":[{"embeddable":true,"href":"https:\/\/www.cuem.info\/index.php?rest_route=\/wp\/v2\/users\/1"}],"replies":[{"embeddable":true,"href":"https:\/\/www.cuem.info\/index.php?rest_route=%2Fwp%2Fv2%2Fcomments&post=1137"}],"version-history":[{"count":8,"href":"https:\/\/www.cuem.info\/index.php?rest_route=\/wp\/v2\/pages\/1137\/revisions"}],"predecessor-version":[{"id":1196,"href":"https:\/\/www.cuem.info\/index.php?rest_route=\/wp\/v2\/pages\/1137\/revisions\/1196"}],"up":[{"embeddable":true,"href":"https:\/\/www.cuem.info\/index.php?rest_route=\/wp\/v2\/pages\/1130"}],"wp:attachment":[{"href":"https:\/\/www.cuem.info\/index.php?rest_route=%2Fwp%2Fv2%2Fmedia&parent=1137"}],"curies":[{"name":"wp","href":"https:\/\/api.w.org\/{rel}","templated":true}]}}