{"id":1117,"date":"2020-09-21T07:48:46","date_gmt":"2020-09-21T06:48:46","guid":{"rendered":"http:\/\/www.cuem.info\/?page_id=1117"},"modified":"2020-10-14T10:41:00","modified_gmt":"2020-10-14T09:41:00","slug":"21920-la-collection-des-brochures-du-cuem","status":"publish","type":"page","link":"https:\/\/www.cuem.info\/?page_id=1117","title":{"rendered":"14\/10\/20 &#8211; <b>La collection des brochures du CUEM<\/b>"},"content":{"rendered":"<p>N\u00b01 Michel Gruselle<br \/>\n<strong>Lecture critique de l\u2019ouvrage de Thomas Piketty\u00a0: \u00ab\u00a0Le capital au XXI<sup>e<\/sup> si\u00e8cle\u00a0\u00bb<\/strong><\/p>\n<p>N\u00b02 Luigi Alberto Sanchi<br \/>\n<strong>Empire romain et lutte des classes<\/strong><\/p>\n<p>N\u00b03 Colloque Renault<br \/>\n<strong> Renault\u00a0: forteresse ouvri\u00e8re ou haut lieu de la lutte des classes<\/strong><\/p>\n<p>N\u00b04 Tancr\u00e8de Motta<br \/>\n<strong>L\u2019\u00e9nergie m\u00e8re de tous les conflits<\/strong><\/p>\n<p>N\u00b05 Michel Gruselle<br \/>\n<strong>L\u00e9nine\u00a0: les th\u00e8ses d\u2019avril<\/strong><\/p>\n<p>N\u00b06 Lilian Truchon<br \/>\n<strong>L\u00e9nine philosophe\u00a0: l\u2019enjeu du mat\u00e9rialisme<\/strong><\/p>\n<p>N\u00b07 Michel Gruselle<br \/>\n<strong>La d\u00e9faite de l\u2019URSS, le devenir des communistes russes<\/strong><\/p>\n<p>N\u00b08 Beno\u00eet Quennedey<br \/>\n<strong>Socialisme, r\u00e9unification, nucl\u00e9aire, les enjeux de la question cor\u00e9enne<\/strong><\/p>\n<p>N\u00b09 Jeannine Gruselle-Morandat, Michel Gruselle<br \/>\n<strong>K. Marx, F. Engels\u00a0: Militants et dirigeants r\u00e9volutionnaires communistes<\/strong><\/p>\n<p>N\u00b010 Michel Pierre, Gilles Hellier<br \/>\n<strong>L\u2019impact de la recherche sur l\u2019industrie pharmaceutique<\/strong><\/p>\n<p>N\u00b011 Michel Gruselle, Kamel B.<br \/>\n<strong>Alg\u00e9rie une r\u00e9volte qui vient de loin<\/strong><\/p>\n<p>N\u00b012 Luigi Alberto Sanchi, Michel Gruselle<br \/>\n<strong>L\u2019internationale communiste, les 21 conditions<\/strong><\/p>\n<p>N\u00b013 Luigi Alberto Sanchi<br \/>\n<strong>\u00c0 travers les textes de Gramsci<\/strong><\/p>\n<p>N\u00b014 Jean Michel Toulouse<br \/>\n<strong>La d\u00e9mocratie directe est-elle possible\u00a0?<\/strong><\/p>\n<p>N\u00b015 Patrick Theuret<br \/>\n<strong>Abolition ou d\u00e9passement du capitalisme\u00a0?<\/strong><\/p>\n<p>N\u00b016 Mich\u00e8le Decaster et Jean-Claude Rabeherifara, de l\u2019AFASPA<br \/>\n<strong>Les imp\u00e9rialismes dans l\u2019Afrique d\u2019aujourd\u2019hui<\/strong><\/p>\n<p>N\u00b017 Bruno Drweski<br \/>\n<strong>La Bi\u00e9lorussie post-sovi\u00e9tique<\/strong><\/p>\n","protected":false},"excerpt":{"rendered":"<p>N\u00b01 Michel Gruselle Lecture critique de l\u2019ouvrage de Thomas Piketty\u00a0: \u00ab\u00a0Le capital au XXIe si\u00e8cle\u00a0\u00bb N\u00b02 Luigi Alberto Sanchi Empire romain et lutte des classes N\u00b03 Colloque Renault Renault\u00a0: forteresse ouvri\u00e8re ou haut lieu de la lutte des classes N\u00b04 Tancr\u00e8de Motta L\u2019\u00e9nergie m\u00e8re de tous les conflits N\u00b05 Michel Gruselle L\u00e9nine\u00a0: les th\u00e8ses d\u2019avril &hellip; <a href=\"https:\/\/www.cuem.info\/?page_id=1117\" class=\"more-link\">Continuer la lecture de <span class=\"screen-reader-text\">14\/10\/20 &#8211; <b>La collection des brochures du CUEM<\/b><\/span>  <span class=\"meta-nav\">&rarr;<\/span><\/a><\/p>\n","protected":false},"author":1,"featured_media":0,"parent":30,"menu_order":50,"comment_status":"closed","ping_status":"closed","template":"","meta":[],"_links":{"self":[{"href":"https:\/\/www.cuem.info\/index.php?rest_route=\/wp\/v2\/pages\/1117"}],"collection":[{"href":"https:\/\/www.cuem.info\/index.php?rest_route=\/wp\/v2\/pages"}],"about":[{"href":"https:\/\/www.cuem.info\/index.php?rest_route=\/wp\/v2\/types\/page"}],"author":[{"embeddable":true,"href":"https:\/\/www.cuem.info\/index.php?rest_route=\/wp\/v2\/users\/1"}],"replies":[{"embeddable":true,"href":"https:\/\/www.cuem.info\/index.php?rest_route=%2Fwp%2Fv2%2Fcomments&post=1117"}],"version-history":[{"count":6,"href":"https:\/\/www.cuem.info\/index.php?rest_route=\/wp\/v2\/pages\/1117\/revisions"}],"predecessor-version":[{"id":1166,"href":"https:\/\/www.cuem.info\/index.php?rest_route=\/wp\/v2\/pages\/1117\/revisions\/1166"}],"up":[{"embeddable":true,"href":"https:\/\/www.cuem.info\/index.php?rest_route=\/wp\/v2\/pages\/30"}],"wp:attachment":[{"href":"https:\/\/www.cuem.info\/index.php?rest_route=%2Fwp%2Fv2%2Fmedia&parent=1117"}],"curies":[{"name":"wp","href":"https:\/\/api.w.org\/{rel}","templated":true}]}}