{"id":105,"date":"2014-06-24T09:00:33","date_gmt":"2014-06-24T08:00:33","guid":{"rendered":"http:\/\/www.cuem.info\/?page_id=105"},"modified":"2014-06-24T09:01:30","modified_gmt":"2014-06-24T08:01:30","slug":"critiques-2","status":"publish","type":"page","link":"https:\/\/www.cuem.info\/?page_id=105","title":{"rendered":"Critiques"},"content":{"rendered":"<p><strong>Godin\u00a0: le travail de l\u2019utopie<\/strong><\/p>\n<p><strong>C<\/strong>e livre (les belles lettres 2009) est l\u2019\u0153uvre de Michel Lallement Professeur au Conservatoire National des Arts et M\u00e9tiers. Il restitue l\u2019\u0153uvre et la vie de Godin (1817-1888) \u00e0 travers les archives du Familist\u00e8re qu\u2019il avait fond\u00e9 \u00e0 Guise dans le d\u00e9partement de l\u2019Aisne. Godin est tout d\u2019abord un manufacturier, ses po\u00eales en fonte sont rest\u00e9s c\u00e9l\u00e8bres jusqu\u2019\u00e0 aujourd\u2019hui. P\u00e9tri de la pens\u00e9e saint-simonienne et fouri\u00e9riste, il sera de ceux qui pousseront le plus loin la mise en pratique de ce \u00a0socialisme utopique, qui tente en vain de donner une base th\u00e9orique \u00e0 la question sociale marqu\u00e9e par une prol\u00e9tarisation croissante qui menace l\u2019ordre m\u00eame du capitalisme naissant.<\/p>\n<p>&nbsp;<\/p>\n<p>L\u2019int\u00e9r\u00eat de ce livre, c\u2019est de mettre en lumi\u00e8re l\u2019\u0153uvre de Godin mais aussi les limites de sa d\u00e9marche. <strong>La collaboration organique du capital et du travail comme pierre angulaire de la pens\u00e9e et de l\u2019action de Godin montre ses limites au sens ou, les int\u00e9r\u00eats inconciliables du capital et du travail travaillent les contradictions qui verront na\u00eetre une classe ouvri\u00e8re se constituant sur la base de ses propres int\u00e9r\u00eats.<\/strong> Les socialistes r\u00e9volutionnaires ne se priv\u00e8rent pas de critiquer f\u00e9rocement Godin en ce qu\u2019il visait \u00e0 maintenir la domination du capital alors que de leur point de vue, seule la disparition du prol\u00e9tariat en abattant le capitalisme \u00e9tait de nature \u00e9mancipatrice. <strong>Marx participa \u00e0 ce d\u00e9bat avec un point de vue similaire. <\/strong><\/p>\n<p><strong>\u00a0<\/strong><\/p>\n<p>Au bilan, il s\u2019agit d\u2019un livre int\u00e9ressant, aussi bien par rapport \u00e0 l\u2019\u0153uvre de Godin lui-m\u00eame, pensons ici aux avanc\u00e9es en mati\u00e8re d\u2019architecture avec le familist\u00e8re (aujourd\u2019hui class\u00e9 monument historique) que scolaire, mais aussi un livre qui nous montre la naissance de l\u2019industrie manufacturi\u00e8re et les questions sociales qu\u2019elle a engendr\u00e9e.<\/p>\n","protected":false},"excerpt":{"rendered":"<p>Godin\u00a0: le travail de l\u2019utopie Ce livre (les belles lettres 2009) est l\u2019\u0153uvre de Michel Lallement Professeur au Conservatoire National des Arts et M\u00e9tiers. Il restitue l\u2019\u0153uvre et la vie de Godin (1817-1888) \u00e0 travers les archives du Familist\u00e8re qu\u2019il avait fond\u00e9 \u00e0 Guise dans le d\u00e9partement de l\u2019Aisne. Godin est tout d\u2019abord un manufacturier, &hellip; <a href=\"https:\/\/www.cuem.info\/?page_id=105\" class=\"more-link\">Continuer la lecture de <span class=\"screen-reader-text\">Critiques<\/span>  <span class=\"meta-nav\">&rarr;<\/span><\/a><\/p>\n","protected":false},"author":2,"featured_media":0,"parent":0,"menu_order":0,"comment_status":"closed","ping_status":"closed","template":"","meta":[],"_links":{"self":[{"href":"https:\/\/www.cuem.info\/index.php?rest_route=\/wp\/v2\/pages\/105"}],"collection":[{"href":"https:\/\/www.cuem.info\/index.php?rest_route=\/wp\/v2\/pages"}],"about":[{"href":"https:\/\/www.cuem.info\/index.php?rest_route=\/wp\/v2\/types\/page"}],"author":[{"embeddable":true,"href":"https:\/\/www.cuem.info\/index.php?rest_route=\/wp\/v2\/users\/2"}],"replies":[{"embeddable":true,"href":"https:\/\/www.cuem.info\/index.php?rest_route=%2Fwp%2Fv2%2Fcomments&post=105"}],"version-history":[{"count":2,"href":"https:\/\/www.cuem.info\/index.php?rest_route=\/wp\/v2\/pages\/105\/revisions"}],"predecessor-version":[{"id":108,"href":"https:\/\/www.cuem.info\/index.php?rest_route=\/wp\/v2\/pages\/105\/revisions\/108"}],"wp:attachment":[{"href":"https:\/\/www.cuem.info\/index.php?rest_route=%2Fwp%2Fv2%2Fmedia&parent=105"}],"curies":[{"name":"wp","href":"https:\/\/api.w.org\/{rel}","templated":true}]}}