{"id":1020,"date":"2019-07-05T17:19:04","date_gmt":"2019-07-05T16:19:04","guid":{"rendered":"http:\/\/www.cuem.info\/?page_id=1020"},"modified":"2019-12-18T17:38:43","modified_gmt":"2019-12-18T16:38:43","slug":"21112019-quentin-mathieuretour-de-la-russie-sur-la-scene-agricole-introduction-de-michel-gruselle-sur-la-propriete-fonciere-en-russie-post-sovietique","status":"publish","type":"page","link":"https:\/\/www.cuem.info\/?page_id=1020","title":{"rendered":"21\/11\/2019 &#8211; Michel Gruselle&nbsp;:<br><b>Introduction sur la propri\u00e9t\u00e9 fonci\u00e8re en Russie post-sovi\u00e9tique<\/b>.<br>Quentin MATHIEU&nbsp;:<br><b>Retour de la Russie sur la sc\u00e8ne agricole.<\/b>"},"content":{"rendered":"<p>Michel Gruselle :<br \/>&bull; <a href=\"http:\/\/www.cuem.info\/wp-content\/uploads\/2019\/12\/CUEM21-11-2019MG.pdf\"rel=\"\" target=\"_blank\">Introduction sur la propri\u00e9t\u00e9 fonci\u00e8re en Russie post-sovi\u00e9tique<\/a> (texte format PDF)<\/p>\n<p>Quentin Mathieu :<br \/>&bull; <a href=\"http:\/\/www.cuem.info\/wp-content\/uploads\/2019\/07\/ECRU_365_BAT-article-QM-TP-Russie.pdf\" rel=\"\" target=\"_blank\">Retour de la Russie sur la sc\u00e8ne agricole<\/a> (texte format PDF)<br \/>&bull; <a href=\"http:\/\/www.cuem.info\/wp-content\/uploads\/2019\/07\/Q.Mathieu-CUEM.pptx\" rel=\"\" target=\"_blank\">Retour de la Russie sur la sc\u00e8ne agricole<\/a> (diaporama format PPTX)<\/p>\n","protected":false},"excerpt":{"rendered":"<p>Michel Gruselle :&bull; Introduction sur la propri\u00e9t\u00e9 fonci\u00e8re en Russie post-sovi\u00e9tique (texte format PDF) Quentin Mathieu :&bull; Retour de la Russie sur la sc\u00e8ne agricole (texte format PDF)&bull; Retour de la Russie sur la sc\u00e8ne agricole (diaporama format PPTX)<\/p>\n","protected":false},"author":1,"featured_media":0,"parent":1013,"menu_order":30,"comment_status":"closed","ping_status":"closed","template":"","meta":[],"_links":{"self":[{"href":"https:\/\/www.cuem.info\/index.php?rest_route=\/wp\/v2\/pages\/1020"}],"collection":[{"href":"https:\/\/www.cuem.info\/index.php?rest_route=\/wp\/v2\/pages"}],"about":[{"href":"https:\/\/www.cuem.info\/index.php?rest_route=\/wp\/v2\/types\/page"}],"author":[{"embeddable":true,"href":"https:\/\/www.cuem.info\/index.php?rest_route=\/wp\/v2\/users\/1"}],"replies":[{"embeddable":true,"href":"https:\/\/www.cuem.info\/index.php?rest_route=%2Fwp%2Fv2%2Fcomments&post=1020"}],"version-history":[{"count":5,"href":"https:\/\/www.cuem.info\/index.php?rest_route=\/wp\/v2\/pages\/1020\/revisions"}],"predecessor-version":[{"id":1053,"href":"https:\/\/www.cuem.info\/index.php?rest_route=\/wp\/v2\/pages\/1020\/revisions\/1053"}],"up":[{"embeddable":true,"href":"https:\/\/www.cuem.info\/index.php?rest_route=\/wp\/v2\/pages\/1013"}],"wp:attachment":[{"href":"https:\/\/www.cuem.info\/index.php?rest_route=%2Fwp%2Fv2%2Fmedia&parent=1020"}],"curies":[{"name":"wp","href":"https:\/\/api.w.org\/{rel}","templated":true}]}}