{"id":1013,"date":"2019-07-05T17:09:05","date_gmt":"2019-07-05T16:09:05","guid":{"rendered":"http:\/\/www.cuem.info\/?page_id=1013"},"modified":"2019-07-05T17:09:05","modified_gmt":"2019-07-05T16:09:05","slug":"conferences-20192020","status":"publish","type":"page","link":"https:\/\/www.cuem.info\/?page_id=1013","title":{"rendered":"Conf\u00e9rences 2019\/2020"},"content":{"rendered":"<p>Les conf\u00e9rences ont lieu aux <a href=\"http:\/\/www.crc.jussieu.fr\/pr_sentation.html\">Cordeliers<\/a> les jeudis \u00e0 17h30 (sauf exception).<\/p>\n<ul class=\"list-pages-shortcode child-pages\"><li class=\"page_item page-item-1015\"><a href=\"https:\/\/www.cuem.info\/?page_id=1015\">19\/09\/2019 &#8211; Annie LACROIX-RIZ&nbsp;:<br><b>La non \u00e9puration en France, 1943-1950<\/b><\/a><\/li>\n<li class=\"page_item page-item-1017\"><a href=\"https:\/\/www.cuem.info\/?page_id=1017\">08\/10\/2019 &#8211; Luigi Sanchi&nbsp;:<br><b>\u00c0 travers les textes de Gramsci<\/b><\/a><\/li>\n<li class=\"page_item page-item-1020\"><a href=\"https:\/\/www.cuem.info\/?page_id=1020\">21\/11\/2019 &#8211; Michel Gruselle&nbsp;:<br><b>Introduction sur la propri\u00e9t\u00e9 fonci\u00e8re en Russie post-sovi\u00e9tique<\/b>.<br>Quentin MATHIEU&nbsp;:<br><b>Retour de la Russie sur la sc\u00e8ne agricole.<\/b><\/a><\/li>\n<li class=\"page_item page-item-1045\"><a href=\"https:\/\/www.cuem.info\/?page_id=1045\">21-22\/11\/2019 &#8211; Stage de formation de la Fni Chimie-CGT&nbsp;:<br><b>Quel mouvement r\u00e9volutionnaire construire&nbsp;?<\/b><\/a><\/li>\n<li class=\"page_item page-item-1022 page_item_has_children\"><a href=\"https:\/\/www.cuem.info\/?page_id=1022\">19\/12\/2019 &#8211; Augusta Epanya&nbsp;:<br><b>L&rsquo;imp\u00e9rialisme en Afrique&nbsp;: le cas du Cameroun<\/b><\/a><\/li>\n<li class=\"page_item page-item-1024\"><a href=\"https:\/\/www.cuem.info\/?page_id=1024\">24\/02\/2020 (nouvelle date) &#8211; Michel LE THOMAS&nbsp;:<br><b>Ren\u00e9 Vautier&nbsp;: cin\u00e9aste, militant anti-imp\u00e9rialiste. Avec la projection du film <em>Afrique 50<\/em><\/b><\/a><\/li>\n<li class=\"page_item page-item-1026\"><a href=\"https:\/\/www.cuem.info\/?page_id=1026\">19\/03\/2020 &#8211; Bernard JAMET&nbsp;:<br><b>Politique de l&rsquo;\u00e9nergie et impact sur le changement climatique<\/b><\/a><\/li>\n<\/ul>\n","protected":false},"excerpt":{"rendered":"<p>Les conf\u00e9rences ont lieu aux Cordeliers les jeudis \u00e0 17h30 (sauf exception).<\/p>\n","protected":false},"author":1,"featured_media":0,"parent":58,"menu_order":70,"comment_status":"closed","ping_status":"closed","template":"","meta":[],"_links":{"self":[{"href":"https:\/\/www.cuem.info\/index.php?rest_route=\/wp\/v2\/pages\/1013"}],"collection":[{"href":"https:\/\/www.cuem.info\/index.php?rest_route=\/wp\/v2\/pages"}],"about":[{"href":"https:\/\/www.cuem.info\/index.php?rest_route=\/wp\/v2\/types\/page"}],"author":[{"embeddable":true,"href":"https:\/\/www.cuem.info\/index.php?rest_route=\/wp\/v2\/users\/1"}],"replies":[{"embeddable":true,"href":"https:\/\/www.cuem.info\/index.php?rest_route=%2Fwp%2Fv2%2Fcomments&post=1013"}],"version-history":[{"count":1,"href":"https:\/\/www.cuem.info\/index.php?rest_route=\/wp\/v2\/pages\/1013\/revisions"}],"predecessor-version":[{"id":1014,"href":"https:\/\/www.cuem.info\/index.php?rest_route=\/wp\/v2\/pages\/1013\/revisions\/1014"}],"up":[{"embeddable":true,"href":"https:\/\/www.cuem.info\/index.php?rest_route=\/wp\/v2\/pages\/58"}],"wp:attachment":[{"href":"https:\/\/www.cuem.info\/index.php?rest_route=%2Fwp%2Fv2%2Fmedia&parent=1013"}],"curies":[{"name":"wp","href":"https:\/\/api.w.org\/{rel}","templated":true}]}}