{"id":1549,"date":"2025-10-01T09:48:28","date_gmt":"2025-10-01T08:48:28","guid":{"rendered":"https:\/\/www.cuem.info\/?page_id=1549"},"modified":"2026-03-22T20:48:23","modified_gmt":"2026-03-22T19:48:23","slug":"19-03-2026-benjamen-burbaumer-chine-etats-unis-le-capitalisme-contre-la-mondialisation-presentation-de-son-ouvrage-publie-aux-editions-la-decouverte","status":"publish","type":"page","link":"http:\/\/www.cuem.info\/?page_id=1549","title":{"rendered":"19\/03\/2026 &#8211; Benjamen B\u00fcrbaumer&nbsp;:<br><b>Chine\/\u00c9tats-Unis&nbsp;: le capitalisme contre la mondialisation<\/b>, pr\u00e9sentation de son ouvrage publi\u00e9 aux \u00c9ditions La D\u00e9couverte"},"content":{"rendered":"<div style=\"width: 474px;\" class=\"wp-video\"><!--[if lt IE 9]><script>document.createElement('video');<\/script><![endif]-->\n<video class=\"wp-video-shortcode\" id=\"video-1549-1\" width=\"474\" height=\"265\" preload=\"metadata\" controls=\"controls\"><source type=\"video\/mp4\" src=\"http:\/\/www.cuem.info\/wp-content\/uploads\/2026\/03\/20260319-Burnbaumer.mp4?_=1\" \/><a href=\"http:\/\/www.cuem.info\/wp-content\/uploads\/2026\/03\/20260319-Burnbaumer.mp4\">http:\/\/www.cuem.info\/wp-content\/uploads\/2026\/03\/20260319-Burnbaumer.mp4<\/a><\/video><\/div>\n","protected":false},"excerpt":{"rendered":"","protected":false},"author":1,"featured_media":0,"parent":1537,"menu_order":60,"comment_status":"closed","ping_status":"closed","template":"","meta":[],"_links":{"self":[{"href":"http:\/\/www.cuem.info\/index.php?rest_route=\/wp\/v2\/pages\/1549"}],"collection":[{"href":"http:\/\/www.cuem.info\/index.php?rest_route=\/wp\/v2\/pages"}],"about":[{"href":"http:\/\/www.cuem.info\/index.php?rest_route=\/wp\/v2\/types\/page"}],"author":[{"embeddable":true,"href":"http:\/\/www.cuem.info\/index.php?rest_route=\/wp\/v2\/users\/1"}],"replies":[{"embeddable":true,"href":"http:\/\/www.cuem.info\/index.php?rest_route=%2Fwp%2Fv2%2Fcomments&post=1549"}],"version-history":[{"count":3,"href":"http:\/\/www.cuem.info\/index.php?rest_route=\/wp\/v2\/pages\/1549\/revisions"}],"predecessor-version":[{"id":1658,"href":"http:\/\/www.cuem.info\/index.php?rest_route=\/wp\/v2\/pages\/1549\/revisions\/1658"}],"up":[{"embeddable":true,"href":"http:\/\/www.cuem.info\/index.php?rest_route=\/wp\/v2\/pages\/1537"}],"wp:attachment":[{"href":"http:\/\/www.cuem.info\/index.php?rest_route=%2Fwp%2Fv2%2Fmedia&parent=1549"}],"curies":[{"name":"wp","href":"https:\/\/api.w.org\/{rel}","templated":true}]}}