{"id":1539,"date":"2025-10-01T09:36:42","date_gmt":"2025-10-01T08:36:42","guid":{"rendered":"https:\/\/www.cuem.info\/?page_id=1539"},"modified":"2025-10-01T10:18:14","modified_gmt":"2025-10-01T09:18:14","slug":"25-09-2025-les-divergences-dans-le-mouvement-communiste-international-mci-au-debut-des-annees-1960-i-introduction-par-nils-andersson","status":"publish","type":"page","link":"http:\/\/www.cuem.info\/?page_id=1539","title":{"rendered":"25\/09\/2025 &#8211; <b>Les divergences dans le mouvement Communiste International (MCI) au d\u00e9but des ann\u00e9es 1960&nbsp;:<\/b><br>I. Introduction par Nils Andersson"},"content":{"rendered":"<div style=\"width: 474px;\" class=\"wp-video\"><!--[if lt IE 9]><script>document.createElement('video');<\/script><![endif]-->\n<video class=\"wp-video-shortcode\" id=\"video-1539-1\" width=\"474\" height=\"265\" preload=\"metadata\" controls=\"controls\"><source type=\"video\/mp4\" src=\"http:\/\/www.cuem.info\/wp-content\/uploads\/2025\/09\/20250925-Andersson-Divergences.mp4?_=1\" \/><a href=\"http:\/\/www.cuem.info\/wp-content\/uploads\/2025\/09\/20250925-Andersson-Divergences.mp4\">http:\/\/www.cuem.info\/wp-content\/uploads\/2025\/09\/20250925-Andersson-Divergences.mp4<\/a><\/video><\/div>\n<h2>Comprendre les divergences qui se sont d\u00e9velopp\u00e9es dans le mouvement communiste international&nbsp;: une n\u00e9cessit\u00e9 pour le reconstruire<\/h2>\n<p align=\"justify\" style=\"font-weight: normal;\"><span style=\"font-size: medium;\">Le Cercle Universitaire d\u2019\u00c9tudes Marxistes a d\u00e9cid\u00e9 d\u2019organiser un d\u00e9bat approfondi sur la question des divergences qui se sont d\u00e9velopp\u00e9es dans le Mouvement Communiste International. Ces divergences sont apparues plus particuli\u00e8rement apr\u00e8s le XX<sup>e<\/sup> Congr\u00e8s du Parti Communiste d\u2019Union Sovi\u00e9tique (PCUS). Des r\u00e9unions internationales en particulier en 1957 et 1960, rendues n\u00e9cessaire du fait de l\u2019existence de ces divergences, ont adopt\u00e9, \u00e0 l\u2019unanimit\u00e9 des Partis repr\u00e9sent\u00e9s, la <b>D\u00e9claration des Partis\u00a0Communistes et Ouvriers des pays socialistes<\/b> en novembre 1957, et la <b>D\u00e9claration des Partis Communistes et Ouvriers<\/b> de novembre 1960. Mais, bien que ces deux d\u00e9clarations soulignaient que \u00ab\u00a0<i>la lutte soit \u00e9nergiquement poursuivie sur les deux fronts\u00a0: contre le r\u00e9visionnisme, qui demeure le danger principal, et contre le dogmatisme et le sectarisme<\/i>\u00a0\u00bb, les faits ont montr\u00e9 que la lecture, la compr\u00e9hension de ces deux d\u00e9clarations \u00e9taient diff\u00e9rentes selon les Partis, selon les militants. Ces divergences se sont d\u00e9velopp\u00e9es au d\u00e9but des ann\u00e9es 1960 avec une telle ampleur que le d\u00e9bat a \u00e9t\u00e9 public et que graduellement deux lignes politiques diff\u00e9rentes, puis antagoniques se sont cristallis\u00e9es jusqu\u2019\u00e0 aboutir \u00e0 une scission au sein du MCI, les porteurs de ces deux lignes \u00e9tant, pour faire court le Parti Sovi\u00e9tique et le Parti Chinois. <\/span><\/p>\n<p align=\"justify\" style=\"font-weight: normal;\"><span style=\"font-size: medium;\">Le r\u00e9sultat de ce d\u00e9bat est qu\u2019il n\u2019a plus \u00e9t\u00e9 possible de parler d\u2019un seul MCI \u00e0 partir du milieu des ann\u00e9es 60.<\/span><\/p>\n<p align=\"justify\" style=\"font-weight: normal;\"><span style=\"font-size: medium;\">Aujourd\u2019hui, avec la disparition de l\u2019URSS et des pays socialistes, comme avec l\u2019\u00e9volution de la Chine et son int\u00e9gration au syst\u00e8me imp\u00e9rialiste, il n\u2019y a plus de camp socialiste, et se pose la question de la reconstruction de partis communistes sur une base marxiste l\u00e9niniste.<\/span><\/p>\n<p align=\"justify\" style=\"font-weight: normal;\"><span style=\"font-size: medium;\">C\u2019est pourquoi, ce travail d\u2019\u00e9tude et de r\u00e9flexion, qui doit s\u2019appuyer de fa\u00e7on indispensable sur la pratique des luttes de classes entre le prol\u00e9tariat et la bourgeoisie dans chaque pays et \u00e0 l\u2019\u00e9chelle internationale vise \u00e0 la reconstruction de Partis r\u00e9volutionnaires communistes sur une base marxiste-l\u00e9niniste sur les d\u00e9combres de beaucoup de partis communistes tomb\u00e9s dans le r\u00e9visionnisme et devenus des forces social-d\u00e9mocrates de gauche.<\/span><\/p>\n<p align=\"justify\" style=\"font-weight: normal;\"><span style=\"font-size: medium;\">Une premi\u00e8re phase dans ce travail consiste \u00e0 revenir sur le contenu du d\u00e9bat au sein du MCI men\u00e9 au d\u00e9but des ann\u00e9es 60. En effet, en tant que Communistes, nous revendiquons et nous sommes porteurs de l\u2019histoire du mouvement communiste, du mouvement ouvrier, de ses succ\u00e8s comme de ses \u00e9checs. Nous devons \u00eatre fiers des luttes que les g\u00e9n\u00e9rations pr\u00e9c\u00e9dentes ont men\u00e9es, des acquis arrach\u00e9s \u00e0 la bourgeoisie\u00a0; mais nous ne devons pas sous-estimer le poids des id\u00e9es r\u00e9visionnistes, des id\u00e9es bourgeoisies car nous baignons dans une soci\u00e9t\u00e9 capitaliste. Ce n\u2019est que dans la mesure o\u00f9 nous aurons, avec succ\u00e8s, recueilli les apports positifs et rejet\u00e9 les erreurs de nos ain\u00e9s, que nous aurons r\u00e9ussi \u00e0 poser les bases d\u2019un nouveau Mouvement Communiste International correspondant aux besoins du prol\u00e9tariat mondial et des peuples du monde dans sa lutte contre l\u2019imp\u00e9rialisme. <\/span><\/p>\n","protected":false},"excerpt":{"rendered":"<p>Comprendre les divergences qui se sont d\u00e9velopp\u00e9es dans le mouvement communiste international&nbsp;: une n\u00e9cessit\u00e9 pour le reconstruire Le Cercle Universitaire d\u2019\u00c9tudes Marxistes a d\u00e9cid\u00e9 d\u2019organiser un d\u00e9bat approfondi sur la question des divergences qui se sont d\u00e9velopp\u00e9es dans le Mouvement Communiste International. Ces divergences sont apparues plus particuli\u00e8rement apr\u00e8s le XXe Congr\u00e8s du Parti Communiste &hellip; <a href=\"http:\/\/www.cuem.info\/?page_id=1539\" class=\"more-link\">Continuer la lecture de <span class=\"screen-reader-text\">25\/09\/2025 &#8211; <b>Les divergences dans le mouvement Communiste International (MCI) au d\u00e9but des ann\u00e9es 1960&nbsp;:<\/b><br \/>I. Introduction par Nils Andersson<\/span>  <span class=\"meta-nav\">&rarr;<\/span><\/a><\/p>\n","protected":false},"author":1,"featured_media":0,"parent":1537,"menu_order":10,"comment_status":"closed","ping_status":"closed","template":"","meta":[],"_links":{"self":[{"href":"http:\/\/www.cuem.info\/index.php?rest_route=\/wp\/v2\/pages\/1539"}],"collection":[{"href":"http:\/\/www.cuem.info\/index.php?rest_route=\/wp\/v2\/pages"}],"about":[{"href":"http:\/\/www.cuem.info\/index.php?rest_route=\/wp\/v2\/types\/page"}],"author":[{"embeddable":true,"href":"http:\/\/www.cuem.info\/index.php?rest_route=\/wp\/v2\/users\/1"}],"replies":[{"embeddable":true,"href":"http:\/\/www.cuem.info\/index.php?rest_route=%2Fwp%2Fv2%2Fcomments&post=1539"}],"version-history":[{"count":4,"href":"http:\/\/www.cuem.info\/index.php?rest_route=\/wp\/v2\/pages\/1539\/revisions"}],"predecessor-version":[{"id":1559,"href":"http:\/\/www.cuem.info\/index.php?rest_route=\/wp\/v2\/pages\/1539\/revisions\/1559"}],"up":[{"embeddable":true,"href":"http:\/\/www.cuem.info\/index.php?rest_route=\/wp\/v2\/pages\/1537"}],"wp:attachment":[{"href":"http:\/\/www.cuem.info\/index.php?rest_route=%2Fwp%2Fv2%2Fmedia&parent=1539"}],"curies":[{"name":"wp","href":"https:\/\/api.w.org\/{rel}","templated":true}]}}